{"id":45,"date":"2021-05-20T07:32:51","date_gmt":"2021-05-20T07:32:51","guid":{"rendered":"https:\/\/aholab.ehu.eus\/aholab-gtts\/?page_id=45"},"modified":"2022-12-19T13:25:46","modified_gmt":"2022-12-19T13:25:46","slug":"publicaciones","status":"publish","type":"page","link":"https:\/\/aholab.ehu.eus\/aholab-gtts\/publicaciones\/","title":{"rendered":"Publicaciones"},"content":{"rendered":"\n<p>Penagarikano, M., Varona, A., Bordel, G., Rodriguez-Fuentes, L.J. (2022) <a rel=\"noreferrer noopener\" href=\"https:\/\/www.isca-speech.org\/archive\/iberspeech_2022\/penagarikano22_iberspeech.html\" target=\"_blank\">Semisupervised training of a fully bilingual ASR system for Basque and Spanish.<\/a> Proc. IberSPEECH 2022, 36-40, doi: 10.21437\/IberSPEECH.2022-8<\/p>\n\n\n\n<p>Bordel, G., Rodriguez-Fuentes, L.J., Pe\u00f1agarikano, M., Varona, A. (2022) <a href=\"https:\/\/www.isca-speech.org\/archive\/iberspeech_2022\/bordel22_iberspeech.html\" target=\"_blank\" rel=\"noreferrer noopener\">GTTS Systems for the Albayzin 2022 Speech and Text Alignment Challenge<\/a>. Proc. IberSPEECH 2022, 285-289, doi: 10.21437\/IberSPEECH.2022-58<\/p>\n\n\n\n<p>Aldabe, I., Farwell A., Navas, E., Hernaez, I., Rigau, G.\u00a0<a href=\"https:\/\/www.isca-speech.org\/archive\/iberspeech_2022\/aldabe22_iberspeech.html\">ELE Project: an overview of the desk research.<\/a>\u00a0<em>Proc. IberSPEECH 2022, 231-234<\/em>, doi: 10.21437\/IberSPEECH.2022-47<\/p>\n\n\n\n<p>Hernaez, I., Gonzalez Lopez, J. A., Navas, E., P\u00e9rez C\u00f3rdoba, J.L., Saratxaga, I., Olivares, G., Sanchez de la Fuente, J., Gald\u00f3n, A., Garcia, V., del Castillo, J., Salomons, I., del Blanco Sierra, E. ReSSInt project: voice restoration using Silent Speech Interfaces.\u00a0<em>Proc. IberSPEECH 2022,<\/em> 226-230, <a href=\"https:\/\/www.isca-speech.org\/archive\/iberspeech_2022\/hernaez22_iberspeech.html\">doi: 10.21437\/IberSPEECH.2022-46<\/a><\/p>\n\n\n\n<p>Del Blanco, E.,Salomons, I., Navas, E., Hern\u00e1ez,I. Phone classification using electromyographic signals.&nbsp;<em>Proc. IberSPEECH 2022, 31-35,<\/em> <a href=\"https:\/\/www.isca-speech.org\/archive\/iberspeech_2022\/blanco22_iberspeech.html\">doi: 10.21437\/IberSPEECH.2022-7<\/a><\/p>\n\n\n\n<p>Alonso, A.; Garc\u00eda, V.; Hernaez, I.; Navas, E.; Sanchez, J. (2022). <a rel=\"noreferrer noopener\" href=\"https:\/\/www.mdpi.com\/2076-3417\/12\/5\/2473\" target=\"_blank\">Automatic Classification of Synthetic Voices for Voice Banking Using Objective Measures<\/a>. <em>Applied Sciences<\/em>. 2022; 12(5):2473. https:\/\/doi.org\/10.3390\/app12052473<\/p>\n\n\n\n<p>Garc\u00eda, V., Hern\u00e1ez, I., Navas, E. (2022)&nbsp; <a rel=\"noreferrer noopener\" href=\"https:\/\/www.mdpi.com\/2076-3417\/12\/3\/1686\" target=\"_blank\">Evaluation of Tacotron Based Synthesizers for Spanish and Basque<\/a> <em>Applied Sciences.<\/em> 2022; 12, no. 3: 1686. https:\/\/doi.org\/10.3390\/app12031686<\/p>\n\n\n\n<p>Madina, M., Hern\u00e1ez, I., Navas, E. Evaluation of STT Technology Performance for Spanish Dysarthric Speech : Description of a Pilot Experiment <em>ICCHP-AAATE 2022 Open Access Compendium \u201cAssistive Technology, Accessibility and (e)Inclusion\u201d Part I<\/em> 2022 <a rel=\"noreferrer noopener\" href=\"https:\/\/doi.org\/10.35011\/icchp-aaate22-p1-15\" target=\"_blank\">https:\/\/doi.org\/10.35011\/icchp-aaate22-p1-15<\/a><\/p>\n\n\n\n<p>Hern\u00e1ez, I., Navas, E., Saratxaga, I., S\u00e1nchez, J. (2021) <a rel=\"noreferrer noopener\" href=\"https:\/\/doi.org\/10.1387\/ekaia.22077\" target=\"_blank\">Ahots sintetiko pertsonalizatuak: esperientzia baten deskribapena<\/a>. <em>EKAIA EHUko Zientzia eta Teknologia aldizkaria<\/em>. 2021; Ekaia, ale berezia 2021, 173-194. https:\/\/doi.org\/10.1387\/ekaia.22077<\/p>\n\n\n\n<p>Ganzabal, G., Saratxaga, I., D\u00edez, I., Hern\u00e1ez, I., Navas, E. (2021). <em>Detection device for detecting a noise and a vibration in a motor vehicle, as well as a method<\/em> (EP patent No. EP3885722A1). European Patent Office.<\/p>\n\n\n\n<p>Sneha Raman, Xabier Sarasola, Eva Navas, Inma Hernaez <a href=\"https:\/\/doi.org\/10.3390\/app11135940\">Enrichment of Oesophageal Speech: Voice Conversion with Duration\u2013Matched Synthetic Speech as Target<\/a> Applied Sciences,&nbsp; 2021,<em>11<\/em>(13), 5940<\/p>\n\n\n\n<p>V\u0131ctor Garc\u00eda Romillo, Inma Herna\u00e9z Rioja, Eva Navas. <a rel=\"noreferrer noopener\" href=\"http:\/\/festvox.org\/blizzard\/bc2021\/BC21_AHOLAB.pdf\" target=\"_blank\">The AHOLAB Text-to-Speech system for Blizzard Challenge 2021<\/a>. Blizzard Challenge 2021. <a rel=\"noreferrer noopener\" href=\"http:\/\/festvox.org\/blizzard\/blizzard2021.html\" target=\"_blank\">festvox.org<\/a><\/p>\n\n\n\n<p>Hernaez, I., Gonz\u00e1lez-L\u00f3pez, J. A.,Navas, E., P\u00e9rez C\u00f3rdoba, J. L., Saratxaga, I., Olivares, G., Sanchez, J., Gald\u00f3n, A., Garc\u00eda Romillo, V., Gonz\u00e1lez-Atienza,  M., Schultz, T., Green, P., Wand, M., Marxer, R.  Diener, L., 2021: <a href=\"https:\/\/www.isca-speech.org\/archive\/IberSPEECH_2021\/pdfs\/28.pdf\">Voice Restoration with Silent Speech Interfaces (ReSSInt)<\/a>. Proc. IberSPEECH 2021, 130-134, doi: 10.21437\/IberSPEECH.2021-28<\/p>\n\n\n\n<p>Alonso, A., Garc\u00eda, V., Hern\u00e1ez, I., Navas, E., Sanchez, J., 2021: <a href=\"https:\/\/www.isca-speech.org\/archive\/IberSPEECH_2021\/pdfs\/45.pdf\">Automatic Speaker Adaptation Assessment Based on Objective Measures for Voice Banking Donors<\/a>. Proc. IberSPEECH 2021, 210-214, doi: 10.21437\/IberSPEECH.2021-45.<\/p>\n\n\n\n<p>Garc\u00eda, V., Hern\u00e1ez, I., Navas, E., 2021: <a href=\"https:\/\/www.isca-speech.org\/archive\/IberSPEECH_2021\/pdfs\/48.pdf\">Implementation of neural network based synthesizers for Spanish and Basque<\/a>. Proc. IberSPEECH 2021, 225-229, doi: 10.21437\/IberSPEECH.2021-48.<\/p>\n\n\n\n<p>Serrano, L., Raman, S., Hern\u00e1ez, I., Navas, E., Sanchez, J., Saratxaga, I., 2021: <a href=\"https:\/\/www.sciencedirect.com\/science\/article\/pii\/S0885230820301017?dgcid=coauthor\">A Spanish multispeaker database of esophageal speech<\/a>. Computer Speech &amp; Language, 66, March 2021<\/p>\n\n\n\n<p>Etchegoyhen, T., Arzelus, H., Gete, H., \u00c1lvarez, A., Hern\u00e1ez, I., Navas, E., Gonz\u00e1lez-Docasal, A., Os\u00e1car, J., Benites, E., Ellakuria, I., Calonge, E., Martin, M., 2020:  <a href=\"http:\/\/journal.sepln.org\/sepln\/ojs\/ojs\/index.php\/pln\/article\/view\/6282\">MINTZAI: Sistemas de Aprendizaje Profundo E2E para Traduccion Automatica del Habla<\/a>. Procesamiento del Lenguaje Natural, 2020; 65, 97 &#8211; 100 &#8211; 1135-5948<\/p>\n\n\n\n<p>Penagarikano, M., Varona, A.,  Rodriguez-Fuentes, L. J., Bordel, G., 2019: University of the Basque Country (GTTS@EHU) System for the NIST 2019 Speaker Recognition Evaluation. NIST 2019 Speaker Recognition Evaluation (SRE) Workshop; Vol. 2019, Singapore, 12-13 December, 2019;<\/p>\n\n\n\n<p>Tejedor, J.,  Toledano, D., Lopez-Otero, P., Docio-Fernandez, L., Montalvo, A. R., Ramirez, J. M., Penagarikano, M., Rodriguez-Fuentes, L. J., 2019: <a href=\"http:\/\/gtts.ehu.es\/gtts\/NT\/fulltext\/tejedor2019std.pdf\">ALBAYZIN 2018 Spoken Term Detection Evaluation: A Multi-Domain International Evaluation in Spanish<\/a>. EURASIP Journal on Audio, Speech, and Music Processing; Springer, Vol.2019, n.1, pp.16, september, 2019<\/p>\n\n\n\n<p>Tejedor, J., Toledano, D., Lopez-Otero, P., Docio-Fernandez, L., Penagarikano, M., Rodriguez-Fuentes, L. J., Moreno-Sandoval, A., 2019: <a href=\"https:\/\/asmp-eurasipjournals.springeropen.com\/articles\/10.1186\/s13636-019-0156-x\">Search on speech from spoken queries: the Multi-domain International ALBAYZIN 2018 Query-by-Example Spoken Term Detection Evaluation<\/a>. EURASIP Journal on Audio, Speech, and Music Processing; Springer, Vol.2019, n.13, pp.1-29, july, 2019;<\/p>\n\n\n\n<p>Diez Gaspon, I., Saratxaga, I., Lopez de Ipi\u00f1a, K., 2019: <a href=\"http:\/\/www.sea-acustica.es\/fileadmin\/INTERNOISE_2019\/Fchrs\/Proceedings\/1886.pdf\">Deep Learning For Natural Sound Classification<\/a>. Proc. Internoise 2019<\/p>\n\n\n\n<p>Cooke, M., King, S., Hazan, V., Stylianou, Y., Janse, E., Baskent, d., Hohmann, V., Winneke, A., Hernaez, I., 2019:&nbsp;<a href=\"http:\/\/journal.sepln.org\/sepln\/ojs\/ojs\/index.php\/pln\/article\/view\/6113\">Enriched communication across the lifespan<\/a>. Procesamiento del Lenguaje Natural, Vol. 63, 2019, pp. 175-178<\/p>\n\n\n\n<p>Serrano, L., Raman, S., Tav\u00e1rez, D., Navas, E.,&nbsp; Hernaez, I., 2019:&nbsp;<a href=\"https:\/\/www.isca-speech.org\/archive\/Interspeech_2019\/abstracts\/2194.html\">Parallel vs. Non-Parallel Voice Conversion for Esophageal Speech<\/a>. Proc. Interspeech 2019, 4549-4553, DOI: 10.21437\/Interspeech.2019-2194.<\/p>\n\n\n\n<p>Raman, S., Serrano, L., Winneke, A., Navas, E.,&nbsp; Hernaez, I., 2019: <a rel=\"noreferrer noopener\" href=\"https:\/\/www.mdpi.com\/2076-3417\/9\/16\/3233\" target=\"_blank\">Intelligibility and Listening Effort of Spanish Oesophageal Speech<\/a>. Applied Sciences, 9(15), 3233 IF: 2.217,&nbsp; 2019;&nbsp; 2076-3417<\/p>\n\n\n\n<p>Sarasola, X., Navas, E., Tav\u00e1rez, D., Serrano, L., Saratxaga, I., Hernaez, I., 2019:&nbsp; <a rel=\"noreferrer noopener\" href=\"https:\/\/www.mdpi.com\/2076-3417\/9\/15\/3140\" target=\"_blank\">Application of Pitch Derived Parameters to Speech and Monophonic Singing Classification<\/a>. Applied Sciences, 9(15), 3140<\/p>\n","protected":false},"excerpt":{"rendered":"<p>Penagarikano, M., Varona, A., Bordel, G., Rodriguez-Fuentes, L.J. (2022) Semisupervised training of a fully bilingual ASR system for Basque and Spanish. Proc. IberSPEECH 2022, 36-40, doi: 10.21437\/IberSPEECH.2022-8 Bordel, G., Rodriguez-Fuentes, L.J., Pe\u00f1agarikano, M., Varona, A. (2022) GTTS Systems for the Albayzin 2022 Speech and Text Alignment Challenge. Proc. IberSPEECH 2022, 285-289, doi: 10.21437\/IberSPEECH.2022-58 Aldabe, I., &hellip; <\/p>\n","protected":false},"author":1,"featured_media":0,"parent":0,"menu_order":0,"comment_status":"closed","ping_status":"closed","template":"","meta":{"footnotes":""},"class_list":["post-45","page","type-page","status-publish","hentry"],"_links":{"self":[{"href":"https:\/\/aholab.ehu.eus\/aholab-gtts\/wp-json\/wp\/v2\/pages\/45","targetHints":{"allow":["GET"]}}],"collection":[{"href":"https:\/\/aholab.ehu.eus\/aholab-gtts\/wp-json\/wp\/v2\/pages"}],"about":[{"href":"https:\/\/aholab.ehu.eus\/aholab-gtts\/wp-json\/wp\/v2\/types\/page"}],"author":[{"embeddable":true,"href":"https:\/\/aholab.ehu.eus\/aholab-gtts\/wp-json\/wp\/v2\/users\/1"}],"replies":[{"embeddable":true,"href":"https:\/\/aholab.ehu.eus\/aholab-gtts\/wp-json\/wp\/v2\/comments?post=45"}],"version-history":[{"count":18,"href":"https:\/\/aholab.ehu.eus\/aholab-gtts\/wp-json\/wp\/v2\/pages\/45\/revisions"}],"predecessor-version":[{"id":241,"href":"https:\/\/aholab.ehu.eus\/aholab-gtts\/wp-json\/wp\/v2\/pages\/45\/revisions\/241"}],"wp:attachment":[{"href":"https:\/\/aholab.ehu.eus\/aholab-gtts\/wp-json\/wp\/v2\/media?parent=45"}],"curies":[{"name":"wp","href":"https:\/\/api.w.org\/{rel}","templated":true}]}}