{"id":52,"date":"2021-05-20T07:44:32","date_gmt":"2021-05-20T07:44:32","guid":{"rendered":"https:\/\/aholab.ehu.eus\/aholab-gtts\/?page_id=52"},"modified":"2021-05-20T11:32:06","modified_gmt":"2021-05-20T11:32:06","slug":"presentacion","status":"publish","type":"page","link":"https:\/\/aholab.ehu.eus\/aholab-gtts\/","title":{"rendered":"Presentaci\u00f3n"},"content":{"rendered":"\n<div class=\"wp-block-media-text alignwide is-stacked-on-mobile\"><figure class=\"wp-block-media-text__media\"><img loading=\"lazy\" decoding=\"async\" width=\"640\" height=\"480\" src=\"https:\/\/aholab.ehu.eus\/aholab-gtts\/wp-content\/uploads\/2021\/05\/Lejona_-_Campus_de_Bizkaia_de_la_UPV-EHU_-_Biblioteca_Central_05.jpg\" alt=\"\" class=\"wp-image-50 size-full\" srcset=\"https:\/\/aholab.ehu.eus\/aholab-gtts\/wp-content\/uploads\/2021\/05\/Lejona_-_Campus_de_Bizkaia_de_la_UPV-EHU_-_Biblioteca_Central_05.jpg 640w, https:\/\/aholab.ehu.eus\/aholab-gtts\/wp-content\/uploads\/2021\/05\/Lejona_-_Campus_de_Bizkaia_de_la_UPV-EHU_-_Biblioteca_Central_05-300x225.jpg 300w\" sizes=\"auto, (max-width: 640px) 100vw, 640px\" \/><\/figure><div class=\"wp-block-media-text__content\">\n<p>Aholab \u2013 GTTS nace de la colaboraci\u00f3n entre dos grupos de investigaci\u00f3n de la <a href=\"http:\/\/ehu.eus\" data-type=\"URL\" data-id=\"ehu.eus\" target=\"_blank\" rel=\"noreferrer noopener\">Universidad del Pa\u00eds Vasco \u2013 Euskal Herriko Unibertsitatea<\/a> (<a rel=\"noreferrer noopener\" href=\"https:\/\/aholab.ehu.eus\/\" target=\"_blank\">Aholab<\/a> y <a rel=\"noreferrer noopener\" href=\"http:\/\/gtts.ehu.eus\" target=\"_blank\">GTTS<\/a>), ambos con a\u00f1os de experiencia en el \u00e1mbito de las tecnolog\u00edas del habla.<\/p>\n\n\n\n<p>La finalidad de esta colaboraci\u00f3n es generar avances en las tecnolog\u00edas de procesamiento del habla que permitan una mejora de la calidad de vida de las personas y en particular de aqu\u00e9llas que presentan patolog\u00edas que dificultan su comunicaci\u00f3n (disfunciones oral o auditiva).<\/p>\n\n\n\n<p>Para lograr estos avances se emplear\u00e1n t\u00e9cnicas de aprendizaje neuronal profundo en los procesos de tratamiento de audio y voz.<\/p>\n<\/div><\/div>\n\n\n\n<div class=\"wp-block-columns is-layout-flex wp-container-core-columns-is-layout-9d6595d7 wp-block-columns-is-layout-flex\">\n<div class=\"wp-block-column is-layout-flow wp-block-column-is-layout-flow\">\n<figure class=\"wp-block-image size-large\"><img loading=\"lazy\" decoding=\"async\" width=\"1024\" height=\"419\" src=\"https:\/\/aholab.ehu.eus\/aholab-gtts\/wp-content\/uploads\/2021\/05\/Escuela-Ingenieria_Bizkaia_bilingue_positivo-1024x419.jpg\" alt=\"\" class=\"wp-image-68\" srcset=\"https:\/\/aholab.ehu.eus\/aholab-gtts\/wp-content\/uploads\/2021\/05\/Escuela-Ingenieria_Bizkaia_bilingue_positivo-1024x419.jpg 1024w, https:\/\/aholab.ehu.eus\/aholab-gtts\/wp-content\/uploads\/2021\/05\/Escuela-Ingenieria_Bizkaia_bilingue_positivo-300x123.jpg 300w, https:\/\/aholab.ehu.eus\/aholab-gtts\/wp-content\/uploads\/2021\/05\/Escuela-Ingenieria_Bizkaia_bilingue_positivo-768x314.jpg 768w, https:\/\/aholab.ehu.eus\/aholab-gtts\/wp-content\/uploads\/2021\/05\/Escuela-Ingenieria_Bizkaia_bilingue_positivo-147x60.jpg 147w, https:\/\/aholab.ehu.eus\/aholab-gtts\/wp-content\/uploads\/2021\/05\/Escuela-Ingenieria_Bizkaia_bilingue_positivo.jpg 1299w\" sizes=\"auto, (max-width: 1024px) 100vw, 1024px\" \/><\/figure>\n<\/div>\n\n\n\n<div class=\"wp-block-column is-layout-flow wp-block-column-is-layout-flow\">\n<figure class=\"wp-block-image size-large\"><img loading=\"lazy\" decoding=\"async\" width=\"300\" height=\"139\" src=\"https:\/\/aholab.ehu.eus\/aholab-gtts\/wp-content\/uploads\/2021\/05\/blanco_pequeno1-300x1393-1.jpg\" alt=\"\" class=\"wp-image-67\" srcset=\"https:\/\/aholab.ehu.eus\/aholab-gtts\/wp-content\/uploads\/2021\/05\/blanco_pequeno1-300x1393-1.jpg 300w, https:\/\/aholab.ehu.eus\/aholab-gtts\/wp-content\/uploads\/2021\/05\/blanco_pequeno1-300x1393-1-129x60.jpg 129w\" sizes=\"auto, (max-width: 300px) 100vw, 300px\" \/><\/figure>\n<\/div>\n\n\n\n<div class=\"wp-block-column is-layout-flow wp-block-column-is-layout-flow\">\n<figure class=\"wp-block-image size-large\"><img loading=\"lazy\" decoding=\"async\" width=\"1024\" height=\"386\" src=\"https:\/\/aholab.ehu.eus\/aholab-gtts\/wp-content\/uploads\/2021\/05\/FCT_bilingu\u0308e_postivo_alta-1024x386.jpg\" alt=\"\" class=\"wp-image-69\" srcset=\"https:\/\/aholab.ehu.eus\/aholab-gtts\/wp-content\/uploads\/2021\/05\/FCT_bilingu\u0308e_postivo_alta-1024x386.jpg 1024w, https:\/\/aholab.ehu.eus\/aholab-gtts\/wp-content\/uploads\/2021\/05\/FCT_bilingu\u0308e_postivo_alta-300x113.jpg 300w, https:\/\/aholab.ehu.eus\/aholab-gtts\/wp-content\/uploads\/2021\/05\/FCT_bilingu\u0308e_postivo_alta-768x289.jpg 768w, https:\/\/aholab.ehu.eus\/aholab-gtts\/wp-content\/uploads\/2021\/05\/FCT_bilingu\u0308e_postivo_alta-1536x579.jpg 1536w, https:\/\/aholab.ehu.eus\/aholab-gtts\/wp-content\/uploads\/2021\/05\/FCT_bilingu\u0308e_postivo_alta-2048x772.jpg 2048w, https:\/\/aholab.ehu.eus\/aholab-gtts\/wp-content\/uploads\/2021\/05\/FCT_bilingu\u0308e_postivo_alta-159x60.jpg 159w\" sizes=\"auto, (max-width: 1024px) 100vw, 1024px\" \/><\/figure>\n<\/div>\n<\/div>\n","protected":false},"excerpt":{"rendered":"<p>Aholab \u2013 GTTS nace de la colaboraci\u00f3n entre dos grupos de investigaci\u00f3n de la Universidad del Pa\u00eds Vasco \u2013 Euskal Herriko Unibertsitatea (Aholab y GTTS), ambos con a\u00f1os de experiencia en el \u00e1mbito de las tecnolog\u00edas del habla. La finalidad de esta colaboraci\u00f3n es generar avances en las tecnolog\u00edas de procesamiento del habla que permitan &hellip; <\/p>\n","protected":false},"author":1,"featured_media":0,"parent":0,"menu_order":0,"comment_status":"closed","ping_status":"closed","template":"","meta":{"footnotes":""},"class_list":["post-52","page","type-page","status-publish","hentry"],"_links":{"self":[{"href":"https:\/\/aholab.ehu.eus\/aholab-gtts\/wp-json\/wp\/v2\/pages\/52","targetHints":{"allow":["GET"]}}],"collection":[{"href":"https:\/\/aholab.ehu.eus\/aholab-gtts\/wp-json\/wp\/v2\/pages"}],"about":[{"href":"https:\/\/aholab.ehu.eus\/aholab-gtts\/wp-json\/wp\/v2\/types\/page"}],"author":[{"embeddable":true,"href":"https:\/\/aholab.ehu.eus\/aholab-gtts\/wp-json\/wp\/v2\/users\/1"}],"replies":[{"embeddable":true,"href":"https:\/\/aholab.ehu.eus\/aholab-gtts\/wp-json\/wp\/v2\/comments?post=52"}],"version-history":[{"count":7,"href":"https:\/\/aholab.ehu.eus\/aholab-gtts\/wp-json\/wp\/v2\/pages\/52\/revisions"}],"predecessor-version":[{"id":120,"href":"https:\/\/aholab.ehu.eus\/aholab-gtts\/wp-json\/wp\/v2\/pages\/52\/revisions\/120"}],"wp:attachment":[{"href":"https:\/\/aholab.ehu.eus\/aholab-gtts\/wp-json\/wp\/v2\/media?parent=52"}],"curies":[{"name":"wp","href":"https:\/\/api.w.org\/{rel}","templated":true}]}}