{"id":711,"date":"2015-12-21T12:44:47","date_gmt":"2015-12-21T12:44:47","guid":{"rendered":"http:\/\/aholab.ehu.eus\/wordpress\/?page_id=711"},"modified":"2016-01-28T09:40:03","modified_gmt":"2016-01-28T09:40:03","slug":"","status":"publish","type":"page","link":"https:\/\/aholab.ehu.eus\/aholab\/es\/links\/","title":{"rendered":"","raw":""},"content":{"rendered":"","protected":false,"raw":""},"excerpt":{"rendered":"Students utilities Title Hits Web Link Johns Hopkins University Signals, Systems, Control Demonstrations Interactive demonstrations about different aspects of Signals and Systems: Convolution, Fourier Series, Bode Plots, System Properties and much more! 633 Web Link Dennis Klatt's History of Speech Synthesis Audio clips of synthetic speech illustrating the history of the art and technology of...","protected":false,"raw":""},"author":1,"featured_media":0,"parent":0,"menu_order":0,"comment_status":"closed","ping_status":"closed","template":"","meta":{"_es_post_content":"","_es_post_name":"","_es_post_excerpt":"","_es_post_title":"","_eu_post_content":"","_eu_post_name":"","_eu_post_excerpt":"","_eu_post_title":"","_en_post_content":"[vc_row][vc_column][vc_column_text]\r\n<h3>Students utilities<\/h3>\r\n<table class=\"category\">\r\n<thead>\r\n<tr>\r\n<th class=\"title\" style=\"text-align: left;\">Title<\/th>\r\n<th class=\"hits\" style=\"text-align: left;\">Hits<\/th>\r\n<\/tr>\r\n<\/thead>\r\n<tbody>\r\n<tr class=\"cat-list-row0\">\r\n<td class=\"title\">Web Link <a class=\"category\" href=\"http:\/\/aholab.ehu.es\/aholab\/index.php\/links-topmenu-29?task=weblink.go&amp;id=17\" rel=\"nofollow\">Johns Hopkins University Signals, Systems, Control Demonstrations<\/a>\r\n\r\nInteractive demonstrations about different aspects of Signals and Systems: Convolution, Fourier Series, Bode Plots, System Properties and much more!<\/td>\r\n<td class=\"hits\">633<\/td>\r\n<\/tr>\r\n<tr class=\"cat-list-row1\">\r\n<td class=\"title\">Web Link <a class=\"category\" href=\"http:\/\/aholab.ehu.es\/aholab\/index.php\/links-topmenu-29?task=weblink.go&amp;id=20\" rel=\"nofollow\">Dennis Klatt's History of Speech Synthesis<\/a>\r\n\r\nAudio clips of synthetic speech illustrating the history of the art and technology of synthetically produced human speech.<\/td>\r\n<td class=\"hits\">641<\/td>\r\n<\/tr>\r\n<tr class=\"cat-list-row0\">\r\n<td class=\"title\">Web Link <a class=\"category\" href=\"http:\/\/aholab.ehu.es\/aholab\/index.php\/links-topmenu-29?task=weblink.go&amp;id=21\" rel=\"nofollow\">Interactive Demos for Electrical Engineering<\/a>\r\n\r\nCOMPUTER DEMOS FOR ELECTRICAL ENGINEERING ALAN FELZER - ECE DEPT - CAL POLY POMONA<\/td>\r\n<td class=\"hits\">564<\/td>\r\n<\/tr>\r\n<tr class=\"cat-list-row1\">\r\n<td class=\"title\">Web Link <a class=\"category\" href=\"http:\/\/aholab.ehu.es\/aholab\/index.php\/links-topmenu-29?task=weblink.go&amp;id=16\" rel=\"nofollow\">Consejos para hacer una presentaci\u00f3n oral<\/a>\r\n\r\n\u00bfC\u00f3mo hacer una buena presentaci\u00f3n oral? por Domingo Mery.<\/td>\r\n<td class=\"hits\">541<\/td>\r\n<\/tr>\r\n<tr class=\"cat-list-row0\">\r\n<td class=\"title\">Web Link <a class=\"category\" href=\"http:\/\/aholab.ehu.es\/aholab\/index.php\/links-topmenu-29?task=weblink.go&amp;id=23\" rel=\"nofollow\">What are language Technologies<\/a><\/td>\r\n<td class=\"hits\">136<\/td>\r\n<\/tr>\r\n<\/tbody>\r\n<\/table>\r\n[\/vc_column_text][us_separator][vc_column_text]\r\n<h3>Natural Language Processing Labs<\/h3>\r\n<div id=\"wrapper2\">\r\n<div id=\"main\">\r\n<div class=\"weblink-category\">\r\n<div class=\"category-desc\"><\/div>\r\n<form id=\"adminForm\" action=\"http:\/\/aholab.ehu.es\/aholab\/index.php\/links-topmenu-29\/62-natural-language-processing-labs\" method=\"post\" name=\"adminForm\">\r\n<table class=\"category\">\r\n<thead>\r\n<tr>\r\n<th class=\"title\" style=\"text-align: left;\">Title<\/th>\r\n<th class=\"hits\">Hits<\/th>\r\n<\/tr>\r\n<\/thead>\r\n<tbody>\r\n<tr class=\"cat-list-row0\">\r\n<td class=\"title\">Web Link <a class=\"category\" href=\"http:\/\/aholab.ehu.es\/aholab\/index.php\/links-topmenu-29?task=weblink.go&amp;id=12\" rel=\"nofollow\">IXA-Taldea<\/a>\r\n\r\nIXA Group for Natural Language Processing<\/td>\r\n<td class=\"hits\">687<\/td>\r\n<\/tr>\r\n<tr class=\"cat-list-row1\">\r\n<td class=\"title\">Web Link <a class=\"category\" href=\"http:\/\/aholab.ehu.es\/aholab\/index.php\/links-topmenu-29?task=weblink.go&amp;id=19\" rel=\"nofollow\">Grupo de Procesamiento de Lenguaje Natural<\/a>\r\n\r\nGrupo de Procesamiento de Lenguaje Natural FaMAF - Universidad Nacional de C\u00f3rdoba<\/td>\r\n<td class=\"hits\">551<\/td>\r\n<\/tr>\r\n<tr class=\"cat-list-row0\">\r\n<td class=\"title\">Web Link <a class=\"category\" href=\"http:\/\/aholab.ehu.es\/aholab\/index.php\/links-topmenu-29?task=weblink.go&amp;id=22\" rel=\"nofollow\">Language Resources and Technologies for Portuguese<\/a>\r\n<table>\r\n<tbody>\r\n<tr>\r\n<td><\/td>\r\n<\/tr>\r\n<tr>\r\n<td><a class=\"current\" title=\"Language Resources and Technology for Portuguese\" href=\"http:\/\/nlx.di.fc.ul.pt\/\" target=\"_blank\">Language Resources and Technology for Portuguese<\/a><\/td>\r\n<\/tr>\r\n<tr>\r\n<td><a class=\"language\" title=\"University of Lisbon\" href=\"http:\/\/www.di.fc.ul.pt\/\" target=\"_blank\">University of Lisbon<\/a>\u00a0|\u00a0\u00a0<a class=\"language\" title=\"NLX-Natural Language and Speech Group\" href=\"http:\/\/nlx.di.fc.ul.pt\/\" target=\"_blank\">NLX-Natural Language and Speech Group<\/a><\/td>\r\n<\/tr>\r\n<\/tbody>\r\n<\/table>\r\n<\/td>\r\n<td class=\"hits\">130<\/td>\r\n<\/tr>\r\n<\/tbody>\r\n<\/table>\r\n<\/form><\/div>\r\n<\/div>\r\n<\/div>\r\n[\/vc_column_text][us_separator][vc_column_text]\r\n<h3>Speech related projects<\/h3>\r\n<table class=\"category\">\r\n<thead>\r\n<tr>\r\n<th class=\"title\" style=\"text-align: left;\">Title<\/th>\r\n<th class=\"hits\" style=\"text-align: left;\">Hits<\/th>\r\n<\/tr>\r\n<\/thead>\r\n<tbody>\r\n<tr class=\"cat-list-row0\">\r\n<td class=\"title\">Web Link <a class=\"category\" href=\"http:\/\/aholab.ehu.es\/aholab\/index.php\/links-topmenu-29?task=weblink.go&amp;id=18\" rel=\"nofollow\">AVIVAVOZ<\/a>\r\n\r\nTecnolog\u00edas para la traducci\u00f3n de voz: reconocimiento, traducci\u00f3n estad\u00edstica basada en corpus y s\u00edntesis.<\/td>\r\n<td class=\"hits\">458<\/td>\r\n<\/tr>\r\n<tr class=\"cat-list-row1\">\r\n<td class=\"title\">Web Link <a class=\"category\" href=\"http:\/\/aholab.ehu.es\/aholab\/index.php\/links-topmenu-29?task=weblink.go&amp;id=14\" rel=\"nofollow\">TC-STAR<\/a>\r\n\r\nTC-STAR Project: Technology and Corpora for Speech to Speech Translation<\/td>\r\n<td class=\"hits\">581<\/td>\r\n<\/tr>\r\n<tr class=\"cat-list-row0\">\r\n<td class=\"title\">Web Link <a class=\"category\" href=\"http:\/\/aholab.ehu.es\/aholab\/index.php\/links-topmenu-29?task=weblink.go&amp;id=15\" rel=\"nofollow\">ISCA SIG on Iberian Languages<\/a>\r\n\r\nSpecial Interest Group on Iberian Languages.<\/td>\r\n<td class=\"hits\">613<\/td>\r\n<\/tr>\r\n<tr class=\"cat-list-row1\">\r\n<td class=\"title\">Web Link <a class=\"category\" href=\"http:\/\/aholab.ehu.es\/aholab\/index.php\/links-topmenu-29?task=weblink.go&amp;id=10\" rel=\"nofollow\">ECESS<\/a>\r\n\r\nEuropean Center of Excellence for Speech Synthesis<\/td>\r\n<td class=\"hits\">1007<\/td>\r\n<\/tr>\r\n<tr class=\"cat-list-row0\">\r\n<td class=\"title\">Web Link <a class=\"category\" href=\"http:\/\/aholab.ehu.es\/aholab\/index.php\/links-topmenu-29?task=weblink.go&amp;id=9\" rel=\"nofollow\">FAVIA<\/a>\r\n\r\nPERSONALIZED COMMUNICATION WITH VOICES AND FACES<\/td>\r\n<td class=\"hits\">555<\/td>\r\n<\/tr>\r\n<\/tbody>\r\n<\/table>\r\n[\/vc_column_text][us_separator][vc_column_text]\r\n<h3>Speech Research Labs<\/h3>\r\n<table class=\"category\">\r\n<thead>\r\n<tr>\r\n<th class=\"title\" style=\"text-align: left;\">Title<\/th>\r\n<th class=\"hits\" style=\"text-align: left;\">Hits<\/th>\r\n<\/tr>\r\n<\/thead>\r\n<tbody>\r\n<tr class=\"cat-list-row0\">\r\n<td class=\"title\">Web Link <a class=\"category\" href=\"http:\/\/aholab.ehu.es\/aholab\/index.php\/links-topmenu-29?task=weblink.go&amp;id=11\" rel=\"nofollow\">GTS<\/a>\r\n\r\nSignal Processing Group. Universidade de Vigo<\/td>\r\n<td class=\"hits\">666<\/td>\r\n<\/tr>\r\n<tr class=\"cat-list-row1\">\r\n<td class=\"title\">Web Link <a class=\"category\" href=\"http:\/\/aholab.ehu.es\/aholab\/index.php\/links-topmenu-29?task=weblink.go&amp;id=8\" rel=\"nofollow\">TALP Research Center<\/a>\r\n\r\nTALP Research Center, Barcelona (Spain)<\/td>\r\n<td class=\"hits\">563<\/td>\r\n<\/tr>\r\n<\/tbody>\r\n<\/table>\r\n[\/vc_column_text][\/vc_column][\/vc_row]","_en_post_name":"links","_en_post_excerpt":"","_en_post_title":"Links","edit_language":"es","footnotes":""},"class_list":["post-711","page","type-page","status-publish","hentry"],"_links":{"self":[{"href":"https:\/\/aholab.ehu.eus\/aholab\/es\/wp-json\/wp\/v2\/pages\/711","targetHints":{"allow":["GET"]}}],"collection":[{"href":"https:\/\/aholab.ehu.eus\/aholab\/es\/wp-json\/wp\/v2\/pages"}],"about":[{"href":"https:\/\/aholab.ehu.eus\/aholab\/es\/wp-json\/wp\/v2\/types\/page"}],"author":[{"embeddable":true,"href":"https:\/\/aholab.ehu.eus\/aholab\/es\/wp-json\/wp\/v2\/users\/1"}],"replies":[{"embeddable":true,"href":"https:\/\/aholab.ehu.eus\/aholab\/es\/wp-json\/wp\/v2\/comments?post=711"}],"version-history":[{"count":9,"href":"https:\/\/aholab.ehu.eus\/aholab\/es\/wp-json\/wp\/v2\/pages\/711\/revisions"}],"predecessor-version":[{"id":722,"href":"https:\/\/aholab.ehu.eus\/aholab\/es\/wp-json\/wp\/v2\/pages\/711\/revisions\/722"}],"wp:attachment":[{"href":"https:\/\/aholab.ehu.eus\/aholab\/es\/wp-json\/wp\/v2\/media?parent=711"}],"curies":[{"name":"wp","href":"https:\/\/api.w.org\/{rel}","templated":true}]}}