{"id":783,"date":"2016-01-19T14:51:26","date_gmt":"2016-01-08T12:12:43","guid":{"rendered":"http:\/\/aholab.ehu.eus\/wordpress\/?page_id=783"},"modified":"2026-04-08T13:59:18","modified_gmt":"2026-04-08T11:59:18","slug":"staff_es","status":"publish","type":"page","link":"https:\/\/aholab.ehu.eus\/aholab\/es\/staff_es\/","title":{"rendered":"","raw":""},"content":{"rendered":"","protected":false,"raw":""},"excerpt":{"rendered":"Inma Hernaez RiojaProfessorEva Navas Cord\u00f3nAssociate ProfessorIbon Saratxaga CouceiroAssociate ProfessorJon S\u00e1nchez de la FuenteAssociate ProfessorEder del BlancoResearcherChristoforos SouganidisPost-doc ResearcherXabier de ZuazoMaster StudentAitor BellancoResearcherAnder ArriandiagaPost-doc ResearcherMariana Flores R\u00edosResearcherJon MarcosResearcherI\u00f1igo HierroMaster StudentAndoni SudupeMaster student + ResearcherXabier CarroMaster StudentSantiago CampoMaster StudentAndreia StirbMaster StudentLaura VargasMaster StudentPast Members Past MembersAsier HerranzResearcherNestor L\u00f3pez de SamaniegoResearcherMattaios TsikalakisVisitor ResearcherItxasne D\u00edezPhD studentGemma MeseguerMaster StudentV\u00edctor Garc\u00edaResearcherNaroa...","protected":false,"raw":""},"author":1,"featured_media":0,"parent":0,"menu_order":0,"comment_status":"closed","ping_status":"closed","template":"","meta":{"_es_post_content":"","_es_post_name":"staff_es","_es_post_excerpt":"","_es_post_title":"","_eu_post_content":"","_eu_post_name":"","_eu_post_excerpt":"","_eu_post_title":"","_en_post_content":"[vc_row height=\"100\"][vc_column width=\"1\/6\"][us_person image=\"2706\" name=\"Inma Hernaez Rioja\" role=\"Professor\" link=\"url:https%3A%2F%2Faholab.ehu.eus%2Faholab%2Fstaff%2Finma-hernaez%2F|title:Inma%20Hern%C3%A1ez%20Rioja|target:_blank\" email=\"inma.hernaez@ehu.eus\" twitter=\"https:\/\/twitter.com\/aholab\" linkedin=\"http:\/\/es.linkedin.com\/in\/inma-hernaez-15401a8\" skype=\"inma_hernaez\"][\/us_person][\/vc_column][vc_column width=\"1\/6\"][us_person image=\"2401\" name=\"Eva Navas Cord\u00f3n\" role=\"Associate Professor\" email=\"eva.navas@ehu.eus\" twitter=\"https:\/\/twitter.com\/aholab\" linkedin=\"https:\/\/www.linkedin.com\"][\/us_person][\/vc_column][vc_column width=\"1\/6\"][us_person image=\"2942\" name=\"Ibon Saratxaga Couceiro\" role=\"Associate Professor\" email=\"ibon.saratxaga@ehu.eus\"][\/us_person][\/vc_column][vc_column width=\"1\/6\"][us_person image=\"2365\" name=\"Jon S\u00e1nchez de la Fuente\" role=\"Associate Professor\" link=\"url:https%3A%2F%2Faholab.ehu.eus%2Faholab%2Fstaff%2Fjon-sanchez%2F\" email=\"jon.sanchez@ehu.eus\" twitter=\"https:\/\/twitter.com\/niretzat\" linkedin=\"www.linkedin.com\/in\/jon-sanchez-de-la-fuente-3356b279\" custom_icon=\"instagram\" custom_link=\"https:\/\/www.instagram.com\/niretzat\/\"][\/us_person][\/vc_column][vc_column width=\"1\/6\"][us_person image=\"3622\" name=\"Eder del Blanco\" role=\"Researcher\" email=\"ederdelblanco@gmail.com\"][\/us_person][\/vc_column][vc_column width=\"1\/6\"][\/vc_column][\/vc_row][vc_row][vc_column width=\"1\/6\"][us_person image=\"3650\" name=\"Christoforos Souganidis\" role=\"Post-doc Researcher\"][\/us_person][\/vc_column][vc_column width=\"1\/6\"][us_person image=\"3344\" name=\"Xabier de Zuazo\" role=\"Master Student\" link=\"url:https%3A%2F%2Fgithub.com%2Fzuazo\" email=\"xabier.dezuazo@ehu.eus\"][\/us_person][\/vc_column][vc_column width=\"1\/6\"][us_person image=\"3742\" name=\"Aitor Bellanco\" role=\"Researcher\" linkedin=\"https:\/\/www.linkedin.com\/in\/aitor-bellanco\/\"][\/us_person][\/vc_column][vc_column width=\"1\/6\"][us_person image=\"3780\" name=\"Ander Arriandiaga\" role=\"Post-doc Researcher\"][\/us_person][\/vc_column][vc_column width=\"1\/6\"][us_person image=\"3744\" name=\"Mariana Flores R\u00edos\" role=\"Researcher\" linkedin=\"www.linkedin.com\/in\/mariana-rios-410284145\"][\/us_person][\/vc_column][\/vc_row][vc_row][vc_column width=\"1\/6\"][us_person image=\"3919\" name=\"Jon Marcos\" role=\"Researcher\" linkedin=\"https:\/\/www.linkedin.com\/in\/jon-marcos-lacarta\/\"][\/us_person][\/vc_column][vc_column width=\"1\/6\"][us_person image=\"3867\" name=\"I\u00f1igo Hierro\" role=\"Master Student\"][\/us_person][\/vc_column][vc_column width=\"1\/6\"][us_person image=\"3871\" name=\"Andoni Sudupe\" role=\"Master student + Researcher\"][\/us_person][\/vc_column][vc_column width=\"1\/6\"][us_person image=\"780\" name=\"Xabier Carro\" role=\"Master Student\"][\/us_person][\/vc_column][vc_column width=\"1\/6\"][us_person image=\"780\" name=\"Santiago Campo\" role=\"Master Student\"][\/us_person][\/vc_column][\/vc_row][vc_row][vc_column width=\"1\/6\"][us_person image=\"4053\" name=\"Andreia Stirb\" role=\"Master Student\"][\/us_person][\/vc_column][vc_column width=\"1\/6\"][us_person image=\"4055\" name=\"Laura Vargas\" role=\"Master Student\"][\/us_person][\/vc_column][vc_column width=\"1\/6\"][\/vc_column][vc_column width=\"1\/6\"][\/vc_column][vc_column width=\"1\/6\"][\/vc_column][\/vc_row][vc_row][vc_column width=\"1\/6\"][\/vc_column][vc_column width=\"1\/6\"][\/vc_column][vc_column width=\"1\/6\"][\/vc_column][vc_column width=\"1\/6\"][\/vc_column][vc_column width=\"1\/6\"][\/vc_column][vc_column][vc_tta_accordion toggle=\"1\"][vc_tta_section i_icon_monosocial=\"vc-mono vc-mono-addme\" i_icon_material=\"vc-material vc-material-unfold_more\" title=\"Past Members\"][vc_row_inner][vc_column_inner width=\"1\/6\"][us_person image=\"3778\" name=\"Asier Herranz\" role=\"Researcher\"][\/us_person][\/vc_column_inner][vc_column_inner width=\"1\/6\"][us_person image=\"3750\" name=\"Nestor L\u00f3pez de Samaniego\" role=\"Researcher\"][\/us_person][\/vc_column_inner][vc_column_inner width=\"1\/6\"][us_person image=\"3863\" name=\"Mattaios Tsikalakis\" role=\"Visitor Researcher\"][\/us_person][\/vc_column_inner][vc_column_inner width=\"1\/6\"][\/vc_column_inner][vc_column_inner width=\"1\/6\"][\/vc_column_inner][vc_column_inner width=\"1\/6\"][\/vc_column_inner][\/vc_row_inner][vc_row_inner][vc_column_inner width=\"1\/6\"][us_person image=\"1938\" name=\"Itxasne D\u00edez\" role=\"PhD student\" email=\"itxasne@aholab.ehu.eus\"][\/us_person][\/vc_column_inner][vc_column_inner width=\"1\/6\"][us_person image=\"3733\" name=\"Gemma Meseguer\" role=\"Master Student\" linkedin=\"https:\/\/www.linkedin.com\/in\/gemma-meseguer\/\"][\/us_person][\/vc_column_inner][vc_column_inner width=\"1\/6\"][us_person image=\"2416\" name=\"V\u00edctor Garc\u00eda\" role=\"Researcher\"][\/us_person][\/vc_column_inner][vc_column_inner width=\"1\/6\"][us_person image=\"3708\" name=\"Naroa Martinez\" role=\"Master Student\" linkedin=\"https:\/\/www.linkedin.com\/in\/naroa-mart%C3%ADnez-cerezo-19ba42293\/\"][\/us_person][\/vc_column_inner][vc_column_inner width=\"1\/6\"][us_person image=\"2828\" name=\"Inge Salomons\" role=\"PhD Student\"][\/us_person][\/vc_column_inner][vc_column_inner width=\"1\/6\"][\/vc_column_inner][\/vc_row_inner][vc_row_inner][vc_column_inner width=\"1\/6\"][us_person image=\"780\" name=\"Unai Salegi\" role=\"Student\"][\/us_person][\/vc_column_inner][vc_column_inner width=\"1\/6\"][us_person image=\"3735\" name=\"Jon Vadillo\" role=\"Researcher\"][\/us_person][\/vc_column_inner][vc_column_inner width=\"1\/6\"][us_person image=\"3453\" name=\"Sarah Solito\" role=\"Master Student\"][\/us_person][\/vc_column_inner][vc_column_inner width=\"1\/6\"][us_person image=\"780\" name=\"Maria Jose Vilella\" role=\"Master Student\"][\/us_person][\/vc_column_inner][vc_column_inner width=\"1\/6\"][us_person image=\"780\" name=\"David Cabestany\" role=\"Master Student\"][\/us_person][\/vc_column_inner][vc_column_inner width=\"1\/6\"][\/vc_column_inner][\/vc_row_inner][vc_row_inner][vc_column_inner width=\"1\/6\"][us_person image=\"2561\" name=\"Maite Fontecha\" role=\"Master Student\"][\/us_person][\/vc_column_inner][vc_column_inner width=\"1\/6\"][us_person image=\"3498\" name=\"Lucia Palacios\" role=\"Researcher\" email=\"lpalacios011@ikasle.ehu.eus\"][\/us_person][\/vc_column_inner][vc_column_inner width=\"1\/6\"][us_person image=\"1800\" name=\"Agust\u00edn Alonso Burguera\" role=\"PhD Student\" email=\"agustin.alonso@ehu.eus\" linkedin=\"https:\/\/www.linkedin.com\/in\/agust%C3%ADn-alonso-burguera-28096295\/\"][\/us_person][\/vc_column_inner][vc_column_inner width=\"1\/6\"][us_person image=\"3374\" name=\"I\u00f1igo Pikabea\" role=\"Researcher\"][\/us_person][\/vc_column_inner][vc_column_inner width=\"1\/6\"][us_person image=\"3373\" name=\"Leire Quintana\" role=\"Student\"][\/us_person][\/vc_column_inner][vc_column_inner width=\"1\/6\"][\/vc_column_inner][\/vc_row_inner][vc_row_inner][vc_column_inner width=\"1\/6\"][us_person image=\"3310\" name=\"Javier Salda\u00f1a\" role=\"Master Student\"][\/us_person][\/vc_column_inner][vc_column_inner width=\"1\/6\"][us_person image=\"2832\" name=\"Anne Manero\" role=\"Master Thesis Student\"][\/us_person][\/vc_column_inner][vc_column_inner width=\"1\/6\"][us_person image=\"780\" name=\"Ivan Ortega\" role=\"Master Student\"][\/us_person][\/vc_column_inner][vc_column_inner width=\"1\/6\"][us_person image=\"780\" name=\"Peio Gonzalez\" role=\"Master Student\"][\/us_person][\/vc_column_inner][vc_column_inner width=\"1\/6\"][us_person image=\"780\" name=\"Claudia Parfene\" role=\"Student\"][\/us_person][\/vc_column_inner][vc_column_inner width=\"1\/6\"][\/vc_column_inner][\/vc_row_inner][vc_row_inner][vc_column_inner width=\"1\/6\"][us_person image=\"780\" name=\"Jon Andoni Baranda\" role=\"Master Student\"][\/us_person][\/vc_column_inner][vc_column_inner width=\"1\/6\"][us_person image=\"3485\" name=\"Fran Alguacil\" role=\"Master Student\" linkedin=\"https:\/\/www.linkedin.com\/in\/francisco-jos%C3%A9-alguacil-jim%C3%A9nez-277a5315a\"][\/us_person][\/vc_column_inner][vc_column_inner width=\"1\/6\"][us_person image=\"3308\" name=\"Lorenz Gutscher\" role=\"Visiting Researcher\"][\/us_person][\/vc_column_inner][vc_column_inner width=\"1\/6\"][us_person image=\"2409\" name=\"Sneha Raman\" role=\"PhD Student\" email=\"sneha@aholab.ehu.eus\"][\/us_person][\/vc_column_inner][vc_column_inner width=\"1\/6\"][us_person image=\"2414\" name=\"Xabier Rom\u00e1n\" role=\"Master Thesis Student\"][\/us_person][\/vc_column_inner][vc_column_inner width=\"1\/6\"][\/vc_column_inner][\/vc_row_inner][vc_row_inner][vc_column_inner width=\"1\/6\"][us_person image=\"2949\" name=\"Margot Medina\" role=\"Master Thesis Student\" email=\"mmadina003@ikasle.ehu.eus\"][\/us_person][\/vc_column_inner][vc_column_inner width=\"1\/6\"][us_person image=\"2572\" name=\"Aingeru Buruchaga\" role=\"Master Student\"][\/us_person][\/vc_column_inner][vc_column_inner width=\"1\/6\"][us_person image=\"2411\" name=\"Igor Odriozola Sustaeta\" role=\"Project Engineer\" email=\"igor.odriozola@ehu.eus\"][\/us_person][\/vc_column_inner][vc_column_inner width=\"1\/6\"][us_person image=\"1940\" name=\"Xabier Sarasola\" role=\"PhD Student\" email=\"xabier.sarasola@ehu.eus\"][\/us_person][\/vc_column_inner][vc_column_inner width=\"1\/6\"][us_person image=\"1806\" name=\"Aitor Valdivielso Gonz\u00e1lez\" role=\"Master Student (CYTE)\" facebook=\"https:\/\/www.facebook.com\/aitor.valdivielsogonzalez\" linkedin=\"https:\/\/es.linkedin.com\/in\/aitor-valdivielso-688b49a2\"][\/us_person][\/vc_column_inner][vc_column_inner width=\"1\/6\"][\/vc_column_inner][\/vc_row_inner][vc_row_inner][vc_column_inner width=\"1\/6\"][us_person image=\"2385\" name=\"Mar\u00eda Andrea Cruz\" role=\"Master Student\"][\/us_person][\/vc_column_inner][vc_column_inner width=\"1\/6\"][us_person image=\"3028\" name=\"Mahsa Vafaie\" role=\"Master Student\" link=\"url:https%3A%2F%2Fwww.fiz-karlsruhe.de%2Fen%2Fforschung%2Flebenslauf-und-publikationen-mahsa-vafaie\"][\/us_person][\/vc_column_inner][vc_column_inner width=\"1\/6\"][us_person image=\"1936\" name=\"Noe Tits\" role=\"Erasmus Student\" email=\"noe@aholab.ehu.eus\" linkedin=\"https:\/\/www.linkedin.com\/in\/no%C3%A9-tits-280974149\/\"][\/us_person][\/vc_column_inner][vc_column_inner width=\"1\/6\"][us_person image=\"2041\" name=\"Jianpei Ye\" role=\"Past Member\" linkedin=\"https:\/\/es.linkedin.com\/in\/jianpei\"][\/us_person][\/vc_column_inner][vc_column_inner width=\"1\/6\"][us_person image=\"1783\" name=\"Carmen Magari\u00f1os\" role=\"Visiting Researcher (2015, 2016)\" link=\"url:http%3A%2F%2Fgtm.uvigo.es%2Fcarmen-magari%25C3%25B1os-iglesias||\"][\/us_person][\/vc_column_inner][vc_column_inner width=\"1\/6\"][\/vc_column_inner][\/vc_row_inner][vc_row_inner][vc_column_inner width=\"1\/6\"][us_person image=\"1785\" name=\"Jonathan Gonz\u00e1lez\" role=\"Telecom Eng. Student\"][\/us_person][\/vc_column_inner][vc_column_inner width=\"1\/6\"][us_person image=\"780\" name=\"Unai Olide\" role=\"Undergraduate Student\"][\/us_person][\/vc_column_inner][vc_column_inner width=\"1\/6\"][us_person image=\"780\" name=\"I\u00f1igo Mart\u00ednez\" role=\"Undergraduate Student\"][\/us_person][\/vc_column_inner][vc_column_inner width=\"1\/6\"][us_person image=\"1786\" name=\"Arnaud Pierard\" role=\"Erasmus Student University Mons (Belgium) (2015)\" linkedin=\"https:\/\/www.linkedin.com\/in\/arnaud-pierard-a122b5b8\/\"][\/us_person][\/vc_column_inner][vc_column_inner width=\"1\/6\"][us_person image=\"780\" name=\"Mikel Diez\" role=\"Student\"][\/us_person][\/vc_column_inner][vc_column_inner width=\"1\/6\"][\/vc_column_inner][\/vc_row_inner][vc_row_inner][vc_column_inner width=\"1\/6\"][us_person image=\"780\" name=\"Daniel Garc\u00eda Lorenzo\" role=\"Graduate Student (2015)\"][\/us_person][\/vc_column_inner][vc_column_inner width=\"1\/6\"][us_person image=\"1798\" name=\"Daniel Erro Eslava\" role=\"IKERBASQUE Research Fellow\" email=\"daniel.erro@ehu.eus\" linkedin=\"https:\/\/www.linkedin.com\/in\/daniel-erro-911a6946\/\"][\/us_person][\/vc_column_inner][vc_column_inner width=\"1\/6\"][\/vc_column_inner][vc_column_inner width=\"1\/6\"][\/vc_column_inner][vc_column_inner width=\"1\/6\"][\/vc_column_inner][vc_column_inner width=\"1\/6\"][\/vc_column_inner][\/vc_row_inner][\/vc_tta_section][\/vc_tta_accordion][\/vc_column][vc_column][\/vc_column][\/vc_row][vc_column][\/vc_column]","_en_post_name":"staff","_en_post_excerpt":"","_en_post_title":"Staff","edit_language":"es","footnotes":""},"class_list":["post-783","page","type-page","status-publish","hentry"],"_links":{"self":[{"href":"https:\/\/aholab.ehu.eus\/aholab\/es\/wp-json\/wp\/v2\/pages\/783","targetHints":{"allow":["GET"]}}],"collection":[{"href":"https:\/\/aholab.ehu.eus\/aholab\/es\/wp-json\/wp\/v2\/pages"}],"about":[{"href":"https:\/\/aholab.ehu.eus\/aholab\/es\/wp-json\/wp\/v2\/types\/page"}],"author":[{"embeddable":true,"href":"https:\/\/aholab.ehu.eus\/aholab\/es\/wp-json\/wp\/v2\/users\/1"}],"replies":[{"embeddable":true,"href":"https:\/\/aholab.ehu.eus\/aholab\/es\/wp-json\/wp\/v2\/comments?post=783"}],"version-history":[{"count":184,"href":"https:\/\/aholab.ehu.eus\/aholab\/es\/wp-json\/wp\/v2\/pages\/783\/revisions"}],"predecessor-version":[{"id":4056,"href":"https:\/\/aholab.ehu.eus\/aholab\/es\/wp-json\/wp\/v2\/pages\/783\/revisions\/4056"}],"wp:attachment":[{"href":"https:\/\/aholab.ehu.eus\/aholab\/es\/wp-json\/wp\/v2\/media?parent=783"}],"curies":[{"name":"wp","href":"https:\/\/api.w.org\/{rel}","templated":true}]}}