{"id":578,"date":"2016-01-26T15:53:28","date_gmt":"2015-12-21T12:03:53","guid":{"rendered":"http:\/\/aholab.ehu.eus\/wordpress\/?page_id=578"},"modified":"2023-05-02T12:12:44","modified_gmt":"2023-05-02T10:12:44","slug":"how-to-reach-us","status":"publish","type":"page","link":"https:\/\/aholab.ehu.eus\/aholab\/how-to-reach-us\/","title":{"rendered":"How to reach us"},"content":{"rendered":"<section class=\"l-section wpb_row height_medium\"><div class=\"l-section-h g-html i-cf\"><div class=\"g-cols offset_small\"><div class=\" full-width\"><div class=\"g-cols wpb_row offset_small vc_inner \"><div class=\" one-quarter\"><div class=\"wpb_text_column \"><div class=\"wpb_wrapper\">\n<p style=\"text-align: justify;\">The Aholab Signal Processing Laboratory is located at the 4th floor in the B building of the Faculty of Engineering (door P4B6).<\/p>\n<p style=\"text-align: justify;\">The easiest access is through the<a href=\"https:\/\/maps.google.com\/maps\/ms?msa=0&amp;msid=216847243724492663216.0004a5bb52ca2e938c906&amp;hl=en&amp;ie=UTF8&amp;ll=43.261528,-2.948461&amp;spn=0.001229,0.003098&amp;t=k&amp;z=19&amp;vpsrc=6&amp;iwloc=0004a5bb5858b011de5cf\"> entrance to B building in Luis Bri\u00f1as Street<\/a>, just in front of the Metro\/RENFE station, close to the entrance to Termibus.<\/p>\n<p style=\"text-align: justify;\"><a title=\"Arriving by Road\" href=\"http:\/\/aholab.ehu.es\/aholab\/index.php\/how-to-reach-us\/62-arriving-by-road\" target=\"_blank\" rel=\"noopener noreferrer\">If you come by car<\/a>, please click on the blue line at the map.<\/p>\n<address><strong>POSTAL ADDRESS<\/strong><\/address>\n<address>Aholab. Signal Processing Laboratory<br \/>\nDepartment of Communications Engineering<br \/>\nEscuela de Ingenier\u00eda de Bilbao, Edificio IPlaza Ingeniero Torres Quevedo, 1<\/p>\n<p>E-48013-Bilbao<\/p>\n<p>&nbsp;<\/p>\n<\/address>\n<\/div> <\/div> <\/div><div class=\" three-quarters\"><div class=\"wpb_text_column \"><div class=\"wpb_wrapper\"><iframe loading=\"lazy\" src=\"https:\/\/www.google.com\/maps\/d\/u\/0\/embed?mid=1d7w5sMNoHtxLl6kJc50xmHxc2FEtL1Z4\" width=\"640\" height=\"480\"><\/iframe><\/div> <\/div> <\/div><\/div><div class=\"g-cols wpb_row offset_small vc_inner \"><div class=\" one-third\"><div class=\"wpb_text_column \"><div class=\"wpb_wrapper\">\n<h3 style=\"text-align: center;\"><span style=\"color: #c600d8;\">Arriving by Plane<\/span><\/h3>\n<\/div> <\/div> <div class=\"w-separator type_default size_medium thick_1 style_solid color_border cont_none\"><span class=\"w-separator-h\"><\/span><\/div><div class=\"wpb_text_column \"><div class=\"wpb_wrapper\"><p>If you arrive to Bilbao by plane there are two choices:<\/p>\n<ul>\n<li>The A3247 public bus (\u20ac1.20) leaves the airport towards the &#8220;Termibus&#8221; bus terminal every 30 minutes, from 6:15 to 0:00. It also stops at Plaza Moyua. Time to get to the bus terminal is about 30-40 minutes.<\/li>\n<\/ul>\n<ul>\n<li>The Airport Taxi service (aprox. 25\u20ac) takes about 20 min. depending on the traffic load.<\/li>\n<\/ul>\n<\/p><\/div> <\/div> <\/div><div class=\" one-third\"><div class=\"wpb_text_column \"><div class=\"wpb_wrapper\">\n<h3 style=\"text-align: center;\"><span style=\"color: #c600d8;\">Arriving by Road<\/span><\/h3>\n<\/div> <\/div> <div class=\"w-separator type_default size_medium thick_1 style_solid color_border cont_none\"><span class=\"w-separator-h\"><\/span><\/div><div class=\"wpb_text_column \"><div class=\"wpb_wrapper\">\n<p style=\"text-align: justify;\">If you are reaching Bilbao by the main highway A8, you should take the &#8220;West Exit&#8221; (&#8220;Bilbao Mendebala \/ Bilbao Oeste&#8221;). You will arrive through the tunnel to a roundabout, go straight and will pass under the &#8216;Bridgh Building&#8217; of the Faculty. Take the most right lane and continue until you are in the main street Sabino Arana and there take the right lane to \u00a0take &#8220;Simon Bolivar&#8221; Street. Then turn left and take &#8220;Jose Maria Escuza&#8221; street and then left again to take &#8220;Alameda Urkijo&#8221;. Follow straight until you reach the Stadium. To the left of the Stadium you will see the Faculty building. Close to the subway lift is the entrance\u00a0 to the Faculty parking lot (see the map above).<\/p>\n<\/div> <\/div> <\/div><div class=\" one-third\"><div class=\"wpb_text_column \"><div class=\"wpb_wrapper\">\n<h3 style=\"text-align: center;\"><span style=\"color: #c600d8;\">Location in Bilbao<\/span><\/h3>\n<\/div> <\/div> <div class=\"w-separator type_default size_medium thick_1 style_solid color_border cont_none\"><span class=\"w-separator-h\"><\/span><\/div><div class=\"wpb_text_column \"><div class=\"wpb_wrapper\">\n<p style=\"text-align: justify;\">AhoLab signal processing group headquarters are located at the Faculty of Engineering of Bilbao). This faculty is surrounded by some very known public buildings such as the Stadium San Mam\u00e9s of the local football team (Athletic de Bilbao), the main bus station (Termibus), or the Hacienda Foral.<\/p>\n<p style=\"text-align: justify;\">Close to the main entry of the Faculty is the subway station &#8220;San Mam\u00e9s&#8221;, the tramway stop &#8220;San Mam\u00e9s&#8221; and the RENFE Train Station of &#8220;San Mam\u00e9s&#8221;.<\/p>\n<\/div> <\/div> <\/div><\/div><\/div><\/div><\/div><\/section>\n","protected":false},"excerpt":{"rendered":"The Aholab Signal Processing Laboratory is located at the 4th floor in the B building of the Faculty of Engineering (door P4B6). The easiest access is through the entrance to B building in Luis Bri\u00f1as Street, just in front of the Metro\/RENFE station, close to the entrance to Termibus. If you come by car, please...","protected":false},"author":1,"featured_media":0,"parent":0,"menu_order":0,"comment_status":"closed","ping_status":"closed","template":"","meta":{"_es_post_content":"","_es_post_name":"","_es_post_excerpt":"","_es_post_title":"","_eu_post_content":"","_eu_post_name":"","_eu_post_excerpt":"","_eu_post_title":"","_en_post_content":"[vc_row][vc_column width=\"1\/4\"][vc_column_text]\r\n<p style=\"text-align: justify;\">The Aholab Signal Processing Laboratory is located at the 4th floor in the B building of the Faculty of Engineering (door P4B6).<\/p>\r\n<p style=\"text-align: justify;\">The easiest access is through the<a href=\"https:\/\/maps.google.com\/maps\/ms?msa=0&amp;msid=216847243724492663216.0004a5bb52ca2e938c906&amp;hl=en&amp;ie=UTF8&amp;ll=43.261528,-2.948461&amp;spn=0.001229,0.003098&amp;t=k&amp;z=19&amp;vpsrc=6&amp;iwloc=0004a5bb5858b011de5cf\"> entrance to B building in Luis Bri\u00f1as Street<\/a>, just in front of the Metro\/RENFE station, close to the entrance to Termibus.<\/p>\r\n<p style=\"text-align: justify;\"><a title=\"Arriving by Road\" href=\"http:\/\/aholab.ehu.es\/aholab\/index.php\/how-to-reach-us\/62-arriving-by-road\" target=\"_blank\" rel=\"noopener noreferrer\">If you come by car<\/a>, please click on the blue line at the map.<\/p>\r\n\r\n<address><strong>POSTAL ADDRESS<\/strong><\/address><address>Aholab. Signal Processing Laboratory\r\nDepartment of Communications Engineering\r\nEscuela de Ingenier\u00eda de Bilbao, Edificio IPlaza Ingeniero Torres Quevedo, 1\r\n\r\nE-48013-Bilbao\r\n\r\n&nbsp;\r\n\r\n<\/address>[\/vc_column_text][\/vc_column][vc_column width=\"3\/4\"][vc_column_text]<iframe src=\"https:\/\/www.google.com\/maps\/d\/u\/0\/embed?mid=1d7w5sMNoHtxLl6kJc50xmHxc2FEtL1Z4\" width=\"640\" height=\"480\"><\/iframe>[\/vc_column_text][\/vc_column][\/vc_row][vc_row][vc_column width=\"1\/3\"][vc_column_text]\r\n<h3 style=\"text-align: center;\"><span style=\"color: #c600d8;\">Arriving by Plane<\/span><\/h3>\r\n[\/vc_column_text][us_separator][vc_column_text]If you arrive to Bilbao by plane there are two choices:\r\n<ul>\r\n \t<li>The A3247 public bus (\u20ac1.20) leaves the airport towards the \"Termibus\" bus terminal every 30 minutes, from 6:15 to 0:00. It also stops at Plaza Moyua. Time to get to the bus terminal is about 30-40 minutes.<\/li>\r\n<\/ul>\r\n<ul>\r\n \t<li>The Airport Taxi service (aprox. 25\u20ac) takes about 20 min. depending on the traffic load.<\/li>\r\n<\/ul>\r\n[\/vc_column_text][\/vc_column][vc_column width=\"1\/3\"][vc_column_text]\r\n<h3 style=\"text-align: center;\"><span style=\"color: #c600d8;\">Arriving by Road<\/span><\/h3>\r\n[\/vc_column_text][us_separator][vc_column_text]\r\n<p style=\"text-align: justify;\">If you are reaching Bilbao by the main highway A8, you should take the \"West Exit\" (\"Bilbao Mendebala \/ Bilbao Oeste\"). You will arrive through the tunnel to a roundabout, go straight and will pass under the 'Bridgh Building' of the Faculty. Take the most right lane and continue until you are in the main street Sabino Arana and there take the right lane to \u00a0take \"Simon Bolivar\" Street. Then turn left and take \"Jose Maria Escuza\" street and then left again to take \"Alameda Urkijo\". Follow straight until you reach the Stadium. To the left of the Stadium you will see the Faculty building. Close to the subway lift is the entrance\u00a0 to the Faculty parking lot (see the map above).<\/p>\r\n[\/vc_column_text][\/vc_column][vc_column width=\"1\/3\"][vc_column_text]\r\n<h3 style=\"text-align: center;\"><span style=\"color: #c600d8;\">Location in Bilbao<\/span><\/h3>\r\n[\/vc_column_text][us_separator][vc_column_text]\r\n<p style=\"text-align: justify;\">AhoLab signal processing group headquarters are located at the Faculty of Engineering of Bilbao). This faculty is surrounded by some very known public buildings such as the Stadium San Mam\u00e9s of the local football team (Athletic de Bilbao), the main bus station (Termibus), or the Hacienda Foral.<\/p>\r\n<p style=\"text-align: justify;\">Close to the main entry of the Faculty is the subway station \"San Mam\u00e9s\", the tramway stop \"San Mam\u00e9s\" and the RENFE Train Station of \"San Mam\u00e9s\".<\/p>\r\n[\/vc_column_text][\/vc_column][\/vc_row]","_en_post_name":"how-to-reach-us","_en_post_excerpt":"","_en_post_title":"How to reach us","edit_language":"en","footnotes":""},"class_list":["post-578","page","type-page","status-publish","hentry"],"_links":{"self":[{"href":"https:\/\/aholab.ehu.eus\/aholab\/wp-json\/wp\/v2\/pages\/578","targetHints":{"allow":["GET"]}}],"collection":[{"href":"https:\/\/aholab.ehu.eus\/aholab\/wp-json\/wp\/v2\/pages"}],"about":[{"href":"https:\/\/aholab.ehu.eus\/aholab\/wp-json\/wp\/v2\/types\/page"}],"author":[{"embeddable":true,"href":"https:\/\/aholab.ehu.eus\/aholab\/wp-json\/wp\/v2\/users\/1"}],"replies":[{"embeddable":true,"href":"https:\/\/aholab.ehu.eus\/aholab\/wp-json\/wp\/v2\/comments?post=578"}],"version-history":[{"count":7,"href":"https:\/\/aholab.ehu.eus\/aholab\/wp-json\/wp\/v2\/pages\/578\/revisions"}],"predecessor-version":[{"id":3494,"href":"https:\/\/aholab.ehu.eus\/aholab\/wp-json\/wp\/v2\/pages\/578\/revisions\/3494"}],"wp:attachment":[{"href":"https:\/\/aholab.ehu.eus\/aholab\/wp-json\/wp\/v2\/media?parent=578"}],"curies":[{"name":"wp","href":"https:\/\/api.w.org\/{rel}","templated":true}]}}