{"id":845,"date":"2016-01-19T15:40:06","date_gmt":"2016-01-08T15:03:36","guid":{"rendered":"http:\/\/aholab.ehu.eus\/wordpress\/?page_id=845"},"modified":"2025-06-06T11:59:33","modified_gmt":"2025-06-06T09:59:33","slug":"doctorate","status":"publish","type":"page","link":"https:\/\/aholab.ehu.eus\/aholab\/doctorate\/","title":{"rendered":"PhD"},"content":{"rendered":"<section class=\"l-section wpb_row height_medium\"><div class=\"l-section-h g-html i-cf\"><div class=\"g-cols offset_small\"><div class=\" full-width\"><div class=\"g-cols wpb_row offset_small vc_inner \"><div class=\" full-width\"><div class=\"wpb_text_column \"><div class=\"wpb_wrapper\">\n<p style=\"text-align: justify;\">Telecom Engineering Students are due to present their Master Thesis to get their Engineering degree. The Aholab laboratory offers the students to prepare themselves in some research area and do their Master Thesis in their last year of their career by collaborating in our research projects. Past and present Master Thesis are described in this section.<\/p>\n<p style=\"text-align: justify;\">Projects and Master Thesis offered for the 2015-2016 Graduate Students (Trabajos Fin de Grado \/ Gradu Amaierako Lanak, Master-Tesiak &#8230;) can be found\u00a0<a title=\"Ofertas Aholab 2014-15\" href=\"http:\/\/bips.bi.ehu.es\/aholab\/images\/OfertasAholab2015-16.pdf\" target=\"_blank\" rel=\"noopener\">in this document<\/a>.<\/p>\n<p style=\"text-align: justify;\">If you are interested in working in Aholab, please contact the professor working in the field of your interest or send an email to\u00a0<a href=\"http:\/\/bips.bi.ehu.es\/aholab\/People\/ihernaez.html\">Inma Hernaez<\/a>. Please attach\u00a0<a title=\"Aholab Application Form (EU)\" href=\"https:\/\/drive.google.com\/file\/d\/0ByM1FxjhPOS7alo5SkxlVDBvYTQ\/view?usp=sharing\" target=\"_blank\" rel=\"noopener\">this Application Form (EU)<\/a>\u00a0or\u00a0<a title=\"Aholab Application Form (ES)\" href=\"https:\/\/docs.google.com\/document\/d\/1g_C875P9dzdh0RfW6H858uOm0PS2H9xQgV_ytyw-SAA\/edit?usp=sharing\" target=\"_blank\" rel=\"noopener\">this Application Form (ES)<\/a>.<\/p>\n<\/div> <\/div> [vc_empty_space height=&#8221;20px&#8221;]<div class=\"wpb_text_column \"><div class=\"wpb_wrapper\">\n<h3 style=\"text-align: center;\">Open Positions<\/h3>\n<\/div> <\/div> <div class=\"w-separator type_default size_huge thick_3 style_solid color_border cont_text\"><span class=\"w-separator-h\"><h6>PhD Thesis Open Positions<\/h6><\/span><\/div><div class=\"w-blog layout_compact\"><div class=\"w-blog-list\">\r\n\r\n<div class=\"w-blog-post post-4027 post type-post status-publish format-standard hentry category-beriak-ekitaldiak category-noticias-y-eventos category-noticias-y-eventos-es category-open-research-positions category-phd-thesis-open-positions\">\r\n\t<div class=\"w-blog-post-h\">\r\n\t\t<a class=\"w-blog-post-link\" href=\"https:\/\/aholab.ehu.eus\/aholab\/hiring-1-researcher\/\">\r\n\t\t\t<h2 class=\"w-blog-post-title\">\r\n\t\t\t\t<span class=\"entry-title\">Hiring 1 researcher<\/span>\r\n\t\t\t<\/h2>\r\n\t\t<\/a>\r\n\t\t<div class=\"w-blog-post-body\">\r\n\t\t\t<div class=\"w-blog-post-meta hidden\">\r\n\t\t\t\t<time class=\"w-blog-post-meta-date date updated hidden\">25 February, 2026<\/time><span class=\"w-blog-post-meta-author vcard author hidden\"><span class=\"fn\">Jon Sanchez<\/span><\/span>\t\t\t<\/div>\r\n\t\t\t<a class=\"w-blog-post-more w-btn\" href=\"https:\/\/aholab.ehu.eus\/aholab\/hiring-1-researcher\/\"><span class=\"w-btn-label\">Read More<\/span><\/a>\r\n\t\t<\/div>\r\n\t<\/div>\r\n<\/div>\r\n\r\n\r\n<\/div><\/div><div class=\"w-separator type_default size_huge thick_3 style_solid color_border cont_text\"><span class=\"w-separator-h\"><h6>PhD Thesis on-going<\/h6><\/span><\/div><div class=\"w-blog layout_compact\"><div class=\"w-blog-list\">\r\n\r\n<div class=\"w-blog-post post-3884 post type-post status-publish format-standard hentry category-phd-thesis-on-going\">\r\n\t<div class=\"w-blog-post-h\">\r\n\t\t<a class=\"w-blog-post-link\" href=\"https:\/\/aholab.ehu.eus\/aholab\/xabier-de-zuazo-neural2speech-decodificacion-del-habla-a-partir-de-la-actividad-cerebral\/\">\r\n\t\t\t<h2 class=\"w-blog-post-title\">\r\n\t\t\t\t<span class=\"entry-title\">Xabier de Zuazo: #neural2speech: Decodificaci\u00f3n del habla a partir de la actividad cerebral<\/span>\r\n\t\t\t<\/h2>\r\n\t\t<\/a>\r\n\t\t<div class=\"w-blog-post-body\">\r\n\t\t\t<div class=\"w-blog-post-meta hidden\">\r\n\t\t\t\t<time class=\"w-blog-post-meta-date date updated hidden\">2 July, 2025<\/time><span class=\"w-blog-post-meta-author vcard author hidden\"><span class=\"fn\">Jon Sanchez<\/span><\/span>\t\t\t<\/div>\r\n\t\t<\/div>\r\n\t<\/div>\r\n<\/div>\r\n\r\n\r\n\r\n\r\n<div class=\"w-blog-post post-3460 post type-post status-publish format-standard hentry category-phd-thesis-on-going\">\r\n\t<div class=\"w-blog-post-h\">\r\n\t\t<a class=\"w-blog-post-link\" href=\"https:\/\/aholab.ehu.eus\/aholab\/eder-del-blanco-multimodality-in-silent-speech-interfaces\/\">\r\n\t\t\t<h2 class=\"w-blog-post-title\">\r\n\t\t\t\t<span class=\"entry-title\">Eder del Blanco: Multimodality in Silent Speech Interfaces<\/span>\r\n\t\t\t<\/h2>\r\n\t\t<\/a>\r\n\t\t<div class=\"w-blog-post-body\">\r\n\t\t\t<div class=\"w-blog-post-meta hidden\">\r\n\t\t\t\t<time class=\"w-blog-post-meta-date date updated hidden\">18 April, 2023<\/time><span class=\"w-blog-post-meta-author vcard author hidden\"><span class=\"fn\">Jon Sanchez<\/span><\/span>\t\t\t<\/div>\r\n\t\t<\/div>\r\n\t<\/div>\r\n<\/div>\r\n\r\n\r\n<\/div><\/div><div class=\"w-separator type_default size_huge thick_3 style_solid color_border cont_text\"><span class=\"w-separator-h\"><h6>PhD Thesis Finished<\/h6><\/span><\/div><div class=\"w-blog layout_compact\"><div class=\"w-blog-list\">\r\n\r\n<div class=\"w-blog-post post-3015 post type-post status-publish format-standard hentry category-phd-thesis-finished\">\r\n\t<div class=\"w-blog-post-h\">\r\n\t\t<a class=\"w-blog-post-link\" href=\"https:\/\/aholab.ehu.eus\/aholab\/machine-listening-para-la-deteccion-y-clasificacion-sonora-en-entornos-reales\/\">\r\n\t\t\t<h2 class=\"w-blog-post-title\">\r\n\t\t\t\t<span class=\"entry-title\">2025: Itxasne D\u00edez: Machine listening para la detecci\u00f3n y clasificaci\u00f3n sonora en entornos reales<\/span>\r\n\t\t\t<\/h2>\r\n\t\t<\/a>\r\n\t\t<div class=\"w-blog-post-body\">\r\n\t\t\t<div class=\"w-blog-post-meta hidden\">\r\n\t\t\t\t<time class=\"w-blog-post-meta-date date updated hidden\">17 July, 2025<\/time><span class=\"w-blog-post-meta-author vcard author hidden\"><span class=\"fn\">Jon Sanchez<\/span><\/span>\t\t\t<\/div>\r\n\t\t<\/div>\r\n\t<\/div>\r\n<\/div>\r\n\r\n\r\n\r\n\r\n<div class=\"w-blog-post post-3011 post type-post status-publish format-standard hentry category-phd-thesis-finished\">\r\n\t<div class=\"w-blog-post-h\">\r\n\t\t<a class=\"w-blog-post-link\" href=\"https:\/\/aholab.ehu.eus\/aholab\/personalized-speech-synthesis-using-deep-learning\/\">\r\n\t\t\t<h2 class=\"w-blog-post-title\">\r\n\t\t\t\t<span class=\"entry-title\">2024, Victor Garc\u00eda: Personalized Speech Synthesis using Deep Learning<\/span>\r\n\t\t\t<\/h2>\r\n\t\t<\/a>\r\n\t\t<div class=\"w-blog-post-body\">\r\n\t\t\t<div class=\"w-blog-post-meta hidden\">\r\n\t\t\t\t<time class=\"w-blog-post-meta-date date updated hidden\">22 November, 2024<\/time><span class=\"w-blog-post-meta-author vcard author hidden\"><span class=\"fn\">Jon Sanchez<\/span><\/span>\t\t\t<\/div>\r\n\t\t<\/div>\r\n\t<\/div>\r\n<\/div>\r\n\r\n\r\n\r\n\r\n<div class=\"w-blog-post post-2660 post type-post status-publish format-standard hentry category-phd-thesis-finished\">\r\n\t<div class=\"w-blog-post-h\">\r\n\t\t<a class=\"w-blog-post-link\" href=\"https:\/\/aholab.ehu.eus\/aholab\/voice-restoration-with-silent-speech-interfaces-based-on-electro-myographic-signals\/\">\r\n\t\t\t<h2 class=\"w-blog-post-title\">\r\n\t\t\t\t<span class=\"entry-title\">2024, Inge Salomons: Voice restoration with Silent Speech Interfaces based on Electro-Myographic signals<\/span>\r\n\t\t\t<\/h2>\r\n\t\t<\/a>\r\n\t\t<div class=\"w-blog-post-body\">\r\n\t\t\t<div class=\"w-blog-post-meta hidden\">\r\n\t\t\t\t<time class=\"w-blog-post-meta-date date updated hidden\">18 November, 2024<\/time><span class=\"w-blog-post-meta-author vcard author hidden\"><span class=\"fn\">Jon Sanchez<\/span><\/span>\t\t\t<\/div>\r\n\t\t<\/div>\r\n\t<\/div>\r\n<\/div>\r\n\r\n\r\n\r\n\r\n<div class=\"w-blog-post post-1776 post type-post status-publish format-standard hentry category-phd-thesis-finished\">\r\n\t<div class=\"w-blog-post-h\">\r\n\t\t<a class=\"w-blog-post-link\" href=\"https:\/\/aholab.ehu.eus\/aholab\/sistemas-de-generacion-de-voz-adaptables-al-locutor-y-su-aplicacion-al-diseno-de-ayudas-a-personas-con-impedimentos-orales\/\">\r\n\t\t\t<h2 class=\"w-blog-post-title\">\r\n\t\t\t\t<span class=\"entry-title\">2023, Agust\u00edn Alonso: Sistemas de Generaci\u00f3n de Voz Adaptables al Locutor y su Aplicaci\u00f3n al Dise\u00f1o de Ayudas a Personas con Impedimentos Orales<\/span>\r\n\t\t\t<\/h2>\r\n\t\t<\/a>\r\n\t\t<div class=\"w-blog-post-body\">\r\n\t\t\t<div class=\"w-blog-post-meta hidden\">\r\n\t\t\t\t<time class=\"w-blog-post-meta-date date updated hidden\">8 November, 2023<\/time><span class=\"w-blog-post-meta-author vcard author hidden\"><span class=\"fn\">Inma<\/span><\/span>\t\t\t<\/div>\r\n\t\t<\/div>\r\n\t<\/div>\r\n<\/div>\r\n\r\n\r\n\r\n\r\n<div class=\"w-blog-post post-3009 post type-post status-publish format-standard hentry category-phd-thesis-finished\">\r\n\t<div class=\"w-blog-post-h\">\r\n\t\t<a class=\"w-blog-post-link\" href=\"https:\/\/aholab.ehu.eus\/aholab\/enriching-disordered-speech\/\">\r\n\t\t\t<h2 class=\"w-blog-post-title\">\r\n\t\t\t\t<span class=\"entry-title\">2021, Sneha Raman: Oesophageal speech:enrichment and evaluations<\/span>\r\n\t\t\t<\/h2>\r\n\t\t<\/a>\r\n\t\t<div class=\"w-blog-post-body\">\r\n\t\t\t<div class=\"w-blog-post-meta hidden\">\r\n\t\t\t\t<time class=\"w-blog-post-meta-date date updated hidden\">8 July, 2021<\/time><span class=\"w-blog-post-meta-author vcard author hidden\"><span class=\"fn\">Jon Sanchez<\/span><\/span>\t\t\t<\/div>\r\n\t\t<\/div>\r\n\t<\/div>\r\n<\/div>\r\n\r\n\r\n\r\n\r\n<div class=\"w-blog-post post-3043 post type-post status-publish format-standard hentry category-phd-thesis-finished\">\r\n\t<div class=\"w-blog-post-h\">\r\n\t\t<a class=\"w-blog-post-link\" href=\"https:\/\/aholab.ehu.eus\/aholab\/xabi-sarasola-application-of-singing-synthesis-techniques-to-bertsolaritza\/\">\r\n\t\t\t<h2 class=\"w-blog-post-title\">\r\n\t\t\t\t<span class=\"entry-title\">2020, Xabi Sarasola: Application of singing synthesis techniques to bertsolaritza<\/span>\r\n\t\t\t<\/h2>\r\n\t\t<\/a>\r\n\t\t<div class=\"w-blog-post-body\">\r\n\t\t\t<div class=\"w-blog-post-meta hidden\">\r\n\t\t\t\t<time class=\"w-blog-post-meta-date date updated hidden\">18 December, 2020<\/time><span class=\"w-blog-post-meta-author vcard author hidden\"><span class=\"fn\">Jon Sanchez<\/span><\/span>\t\t\t<\/div>\r\n\t\t<\/div>\r\n\t<\/div>\r\n<\/div>\r\n\r\n\r\n\r\n\r\n<div class=\"w-blog-post post-1737 post type-post status-publish format-standard hentry category-phd-thesis-finished\">\r\n\t<div class=\"w-blog-post-h\">\r\n\t\t<a class=\"w-blog-post-link\" href=\"https:\/\/aholab.ehu.eus\/aholab\/tecnicas-para-la-evaluacion-de-la-mejora-de-la-inteligibilidad-en-voces-patologicas-2\/\">\r\n\t\t\t<h2 class=\"w-blog-post-title\">\r\n\t\t\t\t<span class=\"entry-title\">2019, Luis Serrano: T\u00e9cnicas para  la mejora de la inteligibilidad en voces patol\u00f3gicas<\/span>\r\n\t\t\t<\/h2>\r\n\t\t<\/a>\r\n\t\t<div class=\"w-blog-post-body\">\r\n\t\t\t<div class=\"w-blog-post-meta hidden\">\r\n\t\t\t\t<time class=\"w-blog-post-meta-date date updated hidden\">3 September, 2019<\/time><span class=\"w-blog-post-meta-author vcard author hidden\"><span class=\"fn\">Inma<\/span><\/span>\t\t\t<\/div>\r\n\t\t<\/div>\r\n\t<\/div>\r\n<\/div>\r\n\r\n\r\n\r\n\r\n<div class=\"w-blog-post post-1710 post type-post status-publish format-standard hentry category-phd-thesis-finished\">\r\n\t<div class=\"w-blog-post-h\">\r\n\t\t<a class=\"w-blog-post-link\" href=\"https:\/\/aholab.ehu.eus\/aholab\/speech-recognition-based-strategies-for-on-line-computer-assisted-language-learning-systems-for-basque\/\">\r\n\t\t\t<h2 class=\"w-blog-post-title\">\r\n\t\t\t\t<span class=\"entry-title\">2019, Igor Odriozola: Speech recognition based strategies for on-line Computer-assisted Language Learning systems for Basque<\/span>\r\n\t\t\t<\/h2>\r\n\t\t<\/a>\r\n\t\t<div class=\"w-blog-post-body\">\r\n\t\t\t<div class=\"w-blog-post-meta hidden\">\r\n\t\t\t\t<time class=\"w-blog-post-meta-date date updated hidden\">3 May, 2019<\/time><span class=\"w-blog-post-meta-author vcard author hidden\"><span class=\"fn\">Inma<\/span><\/span>\t\t\t<\/div>\r\n\t\t<\/div>\r\n\t<\/div>\r\n<\/div>\r\n\r\n\r\n\r\n\r\n<div class=\"w-blog-post post-1957 post type-post status-publish format-standard hentry category-phd-thesis-finished\">\r\n\t<div class=\"w-blog-post-h\">\r\n\t\t<a class=\"w-blog-post-link\" href=\"https:\/\/aholab.ehu.eus\/aholab\/tecnicas-de-mejora-del-rendimiento-de-los-sistemas-de-diarizacion-de-locutores\/\">\r\n\t\t\t<h2 class=\"w-blog-post-title\">\r\n\t\t\t\t<span class=\"entry-title\">2016, David Tav\u00e1rez: T\u00e9cnicas de mejora del rendimiento de los sistemas de diarizaci\u00f3n de locutores<\/span>\r\n\t\t\t<\/h2>\r\n\t\t<\/a>\r\n\t\t<div class=\"w-blog-post-body\">\r\n\t\t\t<div class=\"w-blog-post-meta hidden\">\r\n\t\t\t\t<time class=\"w-blog-post-meta-date date updated hidden\">19 December, 2016<\/time><span class=\"w-blog-post-meta-author vcard author hidden\"><span class=\"fn\">Eder del Blanco<\/span><\/span>\t\t\t<\/div>\r\n\t\t<\/div>\r\n\t<\/div>\r\n<\/div>\r\n\r\n\r\n\r\n\r\n<div class=\"w-blog-post post-1859 post type-post status-publish format-standard hentry category-phd-thesis-finished\">\r\n\t<div class=\"w-blog-post-h\">\r\n\t\t<a class=\"w-blog-post-link\" href=\"https:\/\/aholab.ehu.eus\/aholab\/deteccion-e-identificacion-de-senales-sonoras-en-entornos-asistivos\/\">\r\n\t\t\t<h2 class=\"w-blog-post-title\">\r\n\t\t\t\t<span class=\"entry-title\">2016, Hector Lozano: Detecci\u00f3n e identificaci\u00f3n de se\u00f1ales sonoras en entornos asistivos<\/span>\r\n\t\t\t<\/h2>\r\n\t\t<\/a>\r\n\t\t<div class=\"w-blog-post-body\">\r\n\t\t\t<div class=\"w-blog-post-meta hidden\">\r\n\t\t\t\t<time class=\"w-blog-post-meta-date date updated hidden\">8 February, 2016<\/time><span class=\"w-blog-post-meta-author vcard author hidden\"><span class=\"fn\">Inma<\/span><\/span>\t\t\t<\/div>\r\n\t\t<\/div>\r\n\t<\/div>\r\n<\/div>\r\n\r\n\r\n\r\n\r\n<div class=\"w-blog-post post-1857 post type-post status-publish format-standard hentry category-phd-thesis-finished\">\r\n\t<div class=\"w-blog-post-h\">\r\n\t\t<a class=\"w-blog-post-link\" href=\"https:\/\/aholab.ehu.eus\/aholab\/utilizacion-de-la-fase-armonica-en-la-deteccion-de-voz-sintetica\/\">\r\n\t\t\t<h2 class=\"w-blog-post-title\">\r\n\t\t\t\t<span class=\"entry-title\">2016, Jon Sanchez: Utilizaci\u00f3n de la fase arm\u00f3nica en la detecci\u00f3n de voz sint\u00e9tica<\/span>\r\n\t\t\t<\/h2>\r\n\t\t<\/a>\r\n\t\t<div class=\"w-blog-post-body\">\r\n\t\t\t<div class=\"w-blog-post-meta hidden\">\r\n\t\t\t\t<time class=\"w-blog-post-meta-date date updated hidden\">5 February, 2016<\/time><span class=\"w-blog-post-meta-author vcard author hidden\"><span class=\"fn\">Inma<\/span><\/span>\t\t\t<\/div>\r\n\t\t<\/div>\r\n\t<\/div>\r\n<\/div>\r\n\r\n\r\n\r\n\r\n<div class=\"w-blog-post post-1855 post type-post status-publish format-standard hentry category-phd-thesis-finished\">\r\n\t<div class=\"w-blog-post-h\">\r\n\t\t<a class=\"w-blog-post-link\" href=\"https:\/\/aholab.ehu.eus\/aholab\/la-fase-en-los-modelos-armonicos-de-la-senal-de-voz-estrategias-de-representacion-tratamiento-y-aplicaciones\/\">\r\n\t\t\t<h2 class=\"w-blog-post-title\">\r\n\t\t\t\t<span class=\"entry-title\">2011, Ibon Saratxaga: La fase en los modelos arm\u00f3nicos de la se\u00f1al de voz: estrategias de representaci\u00f3n, tratamiento y aplicaciones<\/span>\r\n\t\t\t<\/h2>\r\n\t\t<\/a>\r\n\t\t<div class=\"w-blog-post-body\">\r\n\t\t\t<div class=\"w-blog-post-meta hidden\">\r\n\t\t\t\t<time class=\"w-blog-post-meta-date date updated hidden\">5 March, 2011<\/time><span class=\"w-blog-post-meta-author vcard author hidden\"><span class=\"fn\">Inma<\/span><\/span>\t\t\t<\/div>\r\n\t\t<\/div>\r\n\t<\/div>\r\n<\/div>\r\n\r\n\r\n\r\n\r\n<div class=\"w-blog-post post-1866 post type-post status-publish format-standard hentry category-phd-thesis-finished\">\r\n\t<div class=\"w-blog-post-h\">\r\n\t\t<a class=\"w-blog-post-link\" href=\"https:\/\/aholab.ehu.eus\/aholab\/analisis-y-evaluacion-de-parametros-para-identificacion-automatica-de-emociones-en-el-habla\/\">\r\n\t\t\t<h2 class=\"w-blog-post-title\">\r\n\t\t\t\t<span class=\"entry-title\">2010, Iker Luengo: An\u00e1lisis y evaluaci\u00f3n de par\u00e1metros para identificaci\u00f3n autom\u00e1tica de emociones en el habla<\/span>\r\n\t\t\t<\/h2>\r\n\t\t<\/a>\r\n\t\t<div class=\"w-blog-post-body\">\r\n\t\t\t<div class=\"w-blog-post-meta hidden\">\r\n\t\t\t\t<time class=\"w-blog-post-meta-date date updated hidden\">1 June, 2010<\/time><span class=\"w-blog-post-meta-author vcard author hidden\"><span class=\"fn\">Inma<\/span><\/span>\t\t\t<\/div>\r\n\t\t<\/div>\r\n\t<\/div>\r\n<\/div>\r\n\r\n\r\n\r\n\r\n<div class=\"w-blog-post post-1862 post type-post status-publish format-standard hentry category-phd-thesis-finished\">\r\n\t<div class=\"w-blog-post-h\">\r\n\t\t<a class=\"w-blog-post-link\" href=\"https:\/\/aholab.ehu.eus\/aholab\/on-line-eta-off-line-sinaduren-azterketaren-bidezko-ezagutze-biometrikorako-proposamenak-propuestas-de-reconocimiento-biometrico-mediante-el-analisis-de-la-firma-on-line-y-off-line\/\">\r\n\t\t\t<h2 class=\"w-blog-post-title\">\r\n\t\t\t\t<span class=\"entry-title\">2006, Juan Jos\u00e9 Igarza: On-line eta off-line sinaduren azterketaren bidezko ezagutze biometrikorako proposamenak \/ Propuestas de reconocimiento biom\u00e9trico mediante el an\u00e1lisis de la firma on-line y off-line<\/span>\r\n\t\t\t<\/h2>\r\n\t\t<\/a>\r\n\t\t<div class=\"w-blog-post-body\">\r\n\t\t\t<div class=\"w-blog-post-meta hidden\">\r\n\t\t\t\t<time class=\"w-blog-post-meta-date date updated hidden\">12 May, 2006<\/time><span class=\"w-blog-post-meta-author vcard author hidden\"><span class=\"fn\">Inma<\/span><\/span>\t\t\t<\/div>\r\n\t\t<\/div>\r\n\t<\/div>\r\n<\/div>\r\n\r\n\r\n\r\n\r\n<div class=\"w-blog-post post-1864 post type-post status-publish format-standard hentry category-phd-thesis-finished\">\r\n\t<div class=\"w-blog-post-h\">\r\n\t\t<a class=\"w-blog-post-link\" href=\"https:\/\/aholab.ehu.eus\/aholab\/modelado-prosodico-del-euskera-batua-para-conversion-de-texto-a-habla\/\">\r\n\t\t\t<h2 class=\"w-blog-post-title\">\r\n\t\t\t\t<span class=\"entry-title\">2003, Eva Navas: Modelado Pros\u00f3dico del euskera bat\u00faa para conversi\u00f3n de texto a habla<\/span>\r\n\t\t\t<\/h2>\r\n\t\t<\/a>\r\n\t\t<div class=\"w-blog-post-body\">\r\n\t\t\t<div class=\"w-blog-post-meta hidden\">\r\n\t\t\t\t<time class=\"w-blog-post-meta-date date updated hidden\">11 June, 2003<\/time><span class=\"w-blog-post-meta-author vcard author hidden\"><span class=\"fn\">Inma<\/span><\/span>\t\t\t<\/div>\r\n\t\t<\/div>\r\n\t<\/div>\r\n<\/div>\r\n\r\n\r\n<\/div><\/div><\/div><\/div><div class=\"g-cols wpb_row offset_small vc_inner \"><div class=\" full-width\"><div class=\"wpb_text_column \"><div class=\"wpb_wrapper\"><p><\/p><\/div> <\/div> <\/div><\/div><div class=\"g-cols wpb_row offset_small vc_inner \"><div class=\" full-width\"><div class=\"wpb_text_column  vc_custom_1616096847549\"><div class=\"wpb_wrapper\">\n<h2 style=\"text-align: center;\"><span style=\"color: #ffffff;\">Supporters<\/span><\/h2>\n<\/div> <\/div> <div class=\"w-logos style_1 nav_arrows with_indents type_carousel cols_5\"><div class=\"w-logos-list\" data-items=\"5\" data-autoplay=\"1\" data-timeout=\"3000\" data-nav=\"1\"><a class=\"w-logos-item\" href=\"http:\/\/europa.eu\/legislation_summaries\/agriculture\/general_framework\/g24234_es.htm\" target=\"_blank\"><img loading=\"lazy\" decoding=\"async\" src=\"https:\/\/aholab.ehu.eus\/aholab\/wp-content\/uploads\/2015\/12\/banner_181x61_unioneuropea.jpg\" width=\"181\" height=\"62\" alt=\"\"><\/a><a class=\"w-logos-item\" href=\"http:\/\/www.mineco.gob.es\/portal\/site\/mineco\/\" target=\"_blank\"><img loading=\"lazy\" decoding=\"async\" src=\"https:\/\/aholab.ehu.eus\/aholab\/wp-content\/uploads\/2015\/12\/2011-Web-EconomiaC-63px.jpg\" width=\"238\" height=\"63\" alt=\"\"><\/a><a class=\"w-logos-item\" href=\"http:\/\/www.euskadi.eus\/hasiera\/\" target=\"_blank\"><img loading=\"lazy\" decoding=\"async\" src=\"https:\/\/aholab.ehu.eus\/aholab\/wp-content\/uploads\/2015\/12\/logogv.gif\" width=\"185\" height=\"58\" alt=\"\"><\/a><a class=\"w-logos-item\" href=\"http:\/\/www.ehu.eus\/es\/\" target=\"_blank\"><img loading=\"lazy\" decoding=\"async\" src=\"https:\/\/aholab.ehu.eus\/aholab\/wp-content\/uploads\/2015\/12\/blanco_pequeno1-300x139.jpg\" width=\"300\" height=\"139\" alt=\"\"><\/a><a class=\"w-logos-item\" href=\"http:\/\/www.ehu.eus\/es\/web\/ingeniaritza-bilbao\" target=\"_blank\"><img loading=\"lazy\" decoding=\"async\" src=\"https:\/\/aholab.ehu.eus\/aholab\/wp-content\/uploads\/2015\/12\/ingenieria-300x116.jpeg\" width=\"300\" height=\"116\" alt=\"\"><\/a><a class=\"w-logos-item\" href=\"http:\/\/www.euskoiker.ehu.es\/\" target=\"_blank\"><img loading=\"lazy\" decoding=\"async\" src=\"https:\/\/aholab.ehu.eus\/aholab\/wp-content\/uploads\/2015\/12\/logoEurorregion.png\" width=\"150\" height=\"77\" alt=\"\"><\/a><\/div><\/div><\/div><\/div><\/div><\/div><\/div><\/section>\n","protected":false},"excerpt":{"rendered":"","protected":false},"author":1,"featured_media":0,"parent":0,"menu_order":0,"comment_status":"closed","ping_status":"closed","template":"","meta":{"_es_post_content":"","_es_post_name":"","_es_post_excerpt":"","_es_post_title":"","_eu_post_content":"","_eu_post_name":"","_eu_post_excerpt":"","_eu_post_title":"","_en_post_content":"[vc_row][vc_column][vc_column_text]\n<p style=\"text-align: justify;\">Telecom Engineering Students are due to present their Master Thesis to get their Engineering degree. The Aholab laboratory offers the students to prepare themselves in some research area and do their Master Thesis in their last year of their career by collaborating in our research projects. Past and present Master Thesis are described in this section.<\/p>\n<p style=\"text-align: justify;\">Projects and Master Thesis offered for the 2015-2016 Graduate Students (Trabajos Fin de Grado \/ Gradu Amaierako Lanak, Master-Tesiak ...) can be found\u00a0<a title=\"Ofertas Aholab 2014-15\" href=\"http:\/\/bips.bi.ehu.es\/aholab\/images\/OfertasAholab2015-16.pdf\" target=\"_blank\" rel=\"noopener\">in this document<\/a>.<\/p>\n<p style=\"text-align: justify;\">If you are interested in working in Aholab, please contact the professor working in the field of your interest or send an email to\u00a0<a href=\"http:\/\/bips.bi.ehu.es\/aholab\/People\/ihernaez.html\">Inma Hernaez<\/a>. Please attach\u00a0<a title=\"Aholab Application Form (EU)\" href=\"https:\/\/drive.google.com\/file\/d\/0ByM1FxjhPOS7alo5SkxlVDBvYTQ\/view?usp=sharing\" target=\"_blank\" rel=\"noopener\">this Application Form (EU)<\/a>\u00a0or\u00a0<a title=\"Aholab Application Form (ES)\" href=\"https:\/\/docs.google.com\/document\/d\/1g_C875P9dzdh0RfW6H858uOm0PS2H9xQgV_ytyw-SAA\/edit?usp=sharing\" target=\"_blank\" rel=\"noopener\">this Application Form (ES)<\/a>.<\/p>\n[\/vc_column_text][vc_empty_space height=\"20px\"][vc_column_text]\n<h3 style=\"text-align: center;\">Open Positions<\/h3>\n[\/vc_column_text][us_separator size=\"huge\" thick=\"3\" text=\"PhD Thesis Open Positions\"][us_blog layout=\"compact\" content_type=\"none\" items=\"\" pagination=\"regular\" show_date=\"\" show_author=\"\" show_categories=\"\" show_tags=\"\" show_comments=\"\" show_read_more=\"1\" categories=\"phd-thesis-open-positions\"][us_separator size=\"huge\" thick=\"3\" text=\"PhD Thesis on-going\"][us_blog layout=\"compact\" content_type=\"none\" items=\"\" pagination=\"regular\" show_date=\"\" show_author=\"\" show_categories=\"\" show_tags=\"\" show_comments=\"\" show_read_more=\"\" categories=\"phd-thesis-on-going\"][us_separator size=\"huge\" thick=\"3\" text=\"PhD Thesis Finished\"][us_blog layout=\"compact\" content_type=\"none\" items=\"\" pagination=\"regular\" show_date=\"\" show_author=\"\" show_categories=\"\" show_tags=\"\" show_comments=\"\" show_read_more=\"\" categories=\"phd-thesis-finished\" id=\"ahothesis\"][\/vc_column][\/vc_row][vc_row][vc_column][vc_column_text][\/vc_column_text][\/vc_column][\/vc_row][vc_row][vc_column][vc_column_text css=\".vc_custom_1616096847549{background-color: #20abe2 !important;}\"]\n<h2 style=\"text-align: center;\"><span style=\"color: #ffffff;\">Supporters<\/span><\/h2>\n[\/vc_column_text][us_logos columns=\"5\" with_indents=\"1\" arrows=\"1\" auto_scroll=\"1\" interval=\"3\"][\/vc_column][\/vc_row]","_en_post_name":"doctorate","_en_post_excerpt":"","_en_post_title":"PhD","edit_language":"en","footnotes":""},"class_list":["post-845","page","type-page","status-publish","hentry"],"_links":{"self":[{"href":"https:\/\/aholab.ehu.eus\/aholab\/wp-json\/wp\/v2\/pages\/845","targetHints":{"allow":["GET"]}}],"collection":[{"href":"https:\/\/aholab.ehu.eus\/aholab\/wp-json\/wp\/v2\/pages"}],"about":[{"href":"https:\/\/aholab.ehu.eus\/aholab\/wp-json\/wp\/v2\/types\/page"}],"author":[{"embeddable":true,"href":"https:\/\/aholab.ehu.eus\/aholab\/wp-json\/wp\/v2\/users\/1"}],"replies":[{"embeddable":true,"href":"https:\/\/aholab.ehu.eus\/aholab\/wp-json\/wp\/v2\/comments?post=845"}],"version-history":[{"count":16,"href":"https:\/\/aholab.ehu.eus\/aholab\/wp-json\/wp\/v2\/pages\/845\/revisions"}],"predecessor-version":[{"id":3841,"href":"https:\/\/aholab.ehu.eus\/aholab\/wp-json\/wp\/v2\/pages\/845\/revisions\/3841"}],"wp:attachment":[{"href":"https:\/\/aholab.ehu.eus\/aholab\/wp-json\/wp\/v2\/media?parent=845"}],"curies":[{"name":"wp","href":"https:\/\/api.w.org\/{rel}","templated":true}]}}