{"id":10,"date":"2024-07-06T07:32:38","date_gmt":"2024-07-06T07:32:38","guid":{"rendered":"https:\/\/aholab.ehu.eus\/deeprestore\/?page_id=10"},"modified":"2024-09-26T07:48:14","modified_gmt":"2024-09-26T07:48:14","slug":"inicio","status":"publish","type":"page","link":"https:\/\/aholab.ehu.eus\/deeprestore\/","title":{"rendered":"Inicio"},"content":{"rendered":"<p>[et_pb_section fb_built=\u00bb1&#8243; next_background_color=\u00bb#ffffff\u00bb _builder_version=\u00bb4.26.0&#8243; _module_preset=\u00bbdefault\u00bb background_image=\u00bbhttps:\/\/aholab.ehu.eus\/deeprestore\/wp-content\/uploads\/2024\/07\/Redes-euronales-001.webp\u00bb min_height=\u00bb600px\u00bb bottom_divider_style=\u00bbwave2&#8243; bottom_divider_height=\u00bb34px\u00bb bottom_divider_repeat=\u00bb5x\u00bb global_colors_info=\u00bb{}\u00bb][et_pb_row _builder_version=\u00bb4.26.0&#8243; _module_preset=\u00bbdefault\u00bb global_colors_info=\u00bb{}\u00bb][et_pb_column type=\u00bb4_4&#8243; _builder_version=\u00bb4.26.0&#8243; _module_preset=\u00bbdefault\u00bb global_colors_info=\u00bb{}\u00bb][et_pb_blurb image=\u00bbhttps:\/\/aholab.ehu.eus\/deeprestore\/wp-content\/uploads\/2024\/07\/DEEP-RESTORE-v1-b.webp\u00bb icon_alignment=\u00bbleft\u00bb content_max_width=\u00bb100%\u00bb _builder_version=\u00bb4.27.0&#8243; _module_preset=\u00bbdefault\u00bb header_text_color=\u00bb#FFFFFF\u00bb header_font_size=\u00bb24px\u00bb body_text_color=\u00bb#FFFFFF\u00bb body_font_size=\u00bb38px\u00bb body_letter_spacing=\u00bb1px\u00bb body_line_height=\u00bb44px\u00bb width=\u00bb100%\u00bb animation_style=\u00bbslide\u00bb animation_direction=\u00bbbottom\u00bb animation=\u00bboff\u00bb body_text_shadow_style=\u00bbpreset1&#8243; body_text_shadow_horizontal_length=\u00bb-0.05em\u00bb body_text_shadow_color=\u00bb#000000&#8243; global_colors_info=\u00bb{}\u00bb]<\/p>\n<p style=\"text-align: left;\">UN PROYECTO PARA QUE,<br \/><strong><span style=\"color: #ffffff;\">QUIENES NO TIENEN VOZ<\/span><\/strong>,<br \/>PUEDAN COMUNICARSE.<\/p>\n<p>[\/et_pb_blurb][\/et_pb_column][\/et_pb_row][\/et_pb_section][et_pb_section fb_built=\u00bb1&#8243; _builder_version=\u00bb4.26.0&#8243; _module_preset=\u00bbdefault\u00bb global_colors_info=\u00bb{}\u00bb][et_pb_row column_structure=\u00bb1_2,1_2&#8243; _builder_version=\u00bb4.27.0&#8243; _module_preset=\u00bbdefault\u00bb global_colors_info=\u00bb{}\u00bb][et_pb_column type=\u00bb1_2&#8243; _builder_version=\u00bb4.26.0&#8243; _module_preset=\u00bbdefault\u00bb global_colors_info=\u00bb{}\u00bb][et_pb_blurb title=\u00bb\u00bfQU\u00c9 ES EL PROYECTO DeepRestore?\u00bb image=\u00bbhttps:\/\/aholab.ehu.eus\/deeprestore\/wp-content\/uploads\/2024\/07\/DEEP-RESTORE-favicon.webp\u00bb icon_placement=\u00bbleft\u00bb content_max_width=\u00bb100%\u00bb _builder_version=\u00bb4.27.0&#8243; _module_preset=\u00bbdefault\u00bb header_level=\u00bbh1&#8243; header_font=\u00bb|||on|||||\u00bb border_width_bottom=\u00bb1px\u00bb border_color_bottom=\u00bbgcid-primary-color\u00bb global_colors_info=\u00bb{%22gcid-primary-color%22:%91%22border_color_bottom%22%93}\u00bb][\/et_pb_blurb][et_pb_text _builder_version=\u00bb4.27.0&#8243; _module_preset=\u00bbdefault\u00bb global_colors_info=\u00bb{}\u00bb]<\/p>\n<p class=\"p1\">DeepRestore\u00a0 tiene como objetivo investigar el uso de las interfaces de voz silenciosa para restaurar la comunicaci\u00f3n en personas que han sido privadas de la capacidad de hablar. Las interfaces de voz silenciosa son dispositivos que capturan se\u00f1ales biol\u00f3gicas no ac\u00fasticas generadas durante el proceso de producci\u00f3n de voz y las utilizan para predecir el mensaje deseado.<\/p>\n<p>Si bien las interfaces SSI \u2014Silent-Speech-to-Text\u2014 se han investigado principalmente en el contexto del reconocimiento de voz , este proyecto se centra en las t\u00e9cnicas de s\u00edntesis de voz directa, generando as\u00ed directamente la forma de onda de voz correspondiente a su salida.<\/p>\n<p>[\/et_pb_text][\/et_pb_column][et_pb_column type=\u00bb1_2&#8243; _builder_version=\u00bb4.27.0&#8243; _module_preset=\u00bbdefault\u00bb global_colors_info=\u00bb{}\u00bb][et_pb_image src=\u00bbhttps:\/\/aholab.ehu.eus\/deeprestore\/wp-content\/uploads\/2024\/07\/N001.webp\u00bb title_text=\u00bbN001&#8243; _builder_version=\u00bb4.27.0&#8243; _module_preset=\u00bbdefault\u00bb global_colors_info=\u00bb{}\u00bb][\/et_pb_image][\/et_pb_column][\/et_pb_row][\/et_pb_section][et_pb_section fb_built=\u00bb1&#8243; _builder_version=\u00bb4.27.0&#8243; _module_preset=\u00bbdefault\u00bb background_image=\u00bbhttps:\/\/aholab.ehu.eus\/deeprestore\/wp-content\/uploads\/2024\/09\/ReSSInt-002.webp\u00bb hover_enabled=\u00bb0&#8243; global_colors_info=\u00bb{}\u00bb scroll_vertical_motion_enable=\u00bbon\u00bb scroll_vertical_motion=\u00bb0|50|60|100|4|0|0&#8243; sticky_enabled=\u00bb0&#8243;][et_pb_row column_structure=\u00bb2_5,3_5&#8243; _builder_version=\u00bb4.27.0&#8243; _module_preset=\u00bbdefault\u00bb max_width=\u00bb80%\u00bb global_colors_info=\u00bb{}\u00bb][et_pb_column type=\u00bb2_5&#8243; _builder_version=\u00bb4.27.0&#8243; _module_preset=\u00bbdefault\u00bb global_colors_info=\u00bb{}\u00bb][\/et_pb_column][et_pb_column type=\u00bb3_5&#8243; _builder_version=\u00bb4.27.0&#8243; _module_preset=\u00bbdefault\u00bb global_colors_info=\u00bb{}\u00bb][et_pb_blurb title=\u00bb\u00bfQu\u00e9 se\u00f1ales biol\u00f3gicas vamos a investigar?\u00bb image=\u00bbhttps:\/\/aholab.ehu.eus\/deeprestore\/wp-content\/uploads\/2024\/07\/DEEP-RESTORE-favicon.webp\u00bb image_icon_width=\u00bb60%\u00bb content_max_width=\u00bb100%\u00bb _builder_version=\u00bb4.27.0&#8243; _module_preset=\u00bbdefault\u00bb header_level=\u00bbh1&#8243; header_text_align=\u00bbcenter\u00bb header_text_color=\u00bbgcid-primary-color\u00bb custom_css_blurb_image=\u00bbmargin-bottom: -10px;\u00bb border_width_bottom=\u00bb1px\u00bb border_color_bottom=\u00bbgcid-primary-color\u00bb global_colors_info=\u00bb{%22gcid-primary-color%22:%91%22border_color_bottom%22,%22header_text_color%22%93}\u00bb][\/et_pb_blurb][et_pb_text _builder_version=\u00bb4.27.0&#8243; _module_preset=\u00bbdefault\u00bb text_text_color=\u00bb#FFFFFF\u00bb global_colors_info=\u00bb{}\u00bb]<\/p>\n<p style=\"text-align: center;\">En este proyecto se investigar\u00e1n dos tipos de se\u00f1ales biol\u00f3gicas:<\/p>\n<p>[\/et_pb_text][ba_dual_button btn_alignment=\u00bbcenter\u00bb btn_a_text=\u00bbSubproyecto 1 (SP1)\u00bb btn_a_link=\u00bb@ET-DC@eyJkeW5hbWljIjp0cnVlLCJjb250ZW50IjoicG9zdF9saW5rX3VybF9wYWdlIiwic2V0dGluZ3MiOnsicG9zdF9pZCI6IjIwNiJ9fQ==@\u00bb btn_b_text=\u00bbSubproyecto 2 (SP2)\u00bb btn_b_link=\u00bb@ET-DC@eyJkeW5hbWljIjp0cnVlLCJjb250ZW50IjoicG9zdF9saW5rX3VybF9wYWdlIiwic2V0dGluZ3MiOnsicG9zdF9pZCI6IjIwNyJ9fQ==@\u00bb connector_type=\u00bbicon\u00bb connector_icon=\u00bb&#x24;||divi||400&#8243; button_gap=\u00bb10px\u00bb _builder_version=\u00bb4.27.0&#8243; _dynamic_attributes=\u00bbbtn_a_link,btn_b_link\u00bb _module_preset=\u00bbdefault\u00bb custom_btn_a=\u00bbon\u00bb btn_a_text_size=\u00bb1rem\u00bb btn_a_text_color=\u00bb#FFFFFF\u00bb btn_a_bg_color=\u00bb#209fc2&#8243; btn_a_border_width=\u00bb1px\u00bb btn_a_border_color=\u00bb#FFFFFF\u00bb btn_a_border_radius=\u00bb9px\u00bb btn_a_icon=\u00bb&#x24;||divi||400&#8243; custom_btn_b=\u00bbon\u00bb btn_b_text_size=\u00bb1rem\u00bb btn_b_text_color=\u00bb#FFFFFF\u00bb btn_b_bg_color=\u00bbgcid-secondary-color\u00bb btn_b_border_width=\u00bb1px\u00bb btn_b_border_color=\u00bb#FFFFFF\u00bb btn_b_border_radius=\u00bb12px\u00bb btn_b_use_icon=\u00bboff\u00bb global_module=\u00bb253&#8243; saved_tabs=\u00bball\u00bb global_colors_info=\u00bb{%22gcid-secondary-color%22:%91%22btn_b_bg_color%22%93}\u00bb][\/ba_dual_button][\/et_pb_column][\/et_pb_row][\/et_pb_section]<\/p>\n","protected":false},"excerpt":{"rendered":"<p>UN PROYECTO PARA QUE,QUIENES NO TIENEN VOZ,PUEDAN COMUNICARSE.DeepRestore\u00a0 tiene como objetivo investigar el uso de las interfaces de voz silenciosa para restaurar la comunicaci\u00f3n en personas que han sido privadas de la capacidad de hablar. Las interfaces de voz silenciosa son dispositivos que capturan se\u00f1ales biol\u00f3gicas no ac\u00fasticas generadas durante el proceso de producci\u00f3n de [&hellip;]<\/p>\n","protected":false},"author":1,"featured_media":0,"parent":0,"menu_order":0,"comment_status":"closed","ping_status":"closed","template":"","meta":{"_et_pb_use_builder":"on","_et_pb_old_content":"<!-- wp:divi\/placeholder \/-->","_et_gb_content_width":"","footnotes":""},"class_list":["post-10","page","type-page","status-publish","hentry"],"_links":{"self":[{"href":"https:\/\/aholab.ehu.eus\/deeprestore\/wp-json\/wp\/v2\/pages\/10","targetHints":{"allow":["GET"]}}],"collection":[{"href":"https:\/\/aholab.ehu.eus\/deeprestore\/wp-json\/wp\/v2\/pages"}],"about":[{"href":"https:\/\/aholab.ehu.eus\/deeprestore\/wp-json\/wp\/v2\/types\/page"}],"author":[{"embeddable":true,"href":"https:\/\/aholab.ehu.eus\/deeprestore\/wp-json\/wp\/v2\/users\/1"}],"replies":[{"embeddable":true,"href":"https:\/\/aholab.ehu.eus\/deeprestore\/wp-json\/wp\/v2\/comments?post=10"}],"version-history":[{"count":21,"href":"https:\/\/aholab.ehu.eus\/deeprestore\/wp-json\/wp\/v2\/pages\/10\/revisions"}],"predecessor-version":[{"id":299,"href":"https:\/\/aholab.ehu.eus\/deeprestore\/wp-json\/wp\/v2\/pages\/10\/revisions\/299"}],"wp:attachment":[{"href":"https:\/\/aholab.ehu.eus\/deeprestore\/wp-json\/wp\/v2\/media?parent=10"}],"curies":[{"name":"wp","href":"https:\/\/api.w.org\/{rel}","templated":true}]}}