{"id":207,"date":"2024-09-25T13:12:17","date_gmt":"2024-09-25T13:12:17","guid":{"rendered":"https:\/\/aholab.ehu.eus\/deeprestore\/?page_id=207"},"modified":"2024-09-26T16:45:24","modified_gmt":"2024-09-26T16:45:24","slug":"subproyecto-2","status":"publish","type":"page","link":"https:\/\/aholab.ehu.eus\/deeprestore\/subproyecto-2\/","title":{"rendered":"Subproyecto 2"},"content":{"rendered":"<p>[et_pb_section fb_built=\u00bb1&#8243; _builder_version=\u00bb4.27.0&#8243; _module_preset=\u00bbdefault\u00bb global_colors_info=\u00bb{}\u00bb][et_pb_row _builder_version=\u00bb4.27.0&#8243; _module_preset=\u00bbdefault\u00bb global_colors_info=\u00bb{}\u00bb][et_pb_column type=\u00bb4_4&#8243; _builder_version=\u00bb4.27.0&#8243; _module_preset=\u00bbdefault\u00bb global_colors_info=\u00bb{}\u00bb][et_pb_blurb title=\u00bbSubproyecto 2&#8243; image=\u00bbhttps:\/\/aholab.ehu.eus\/deeprestore\/wp-content\/uploads\/2024\/07\/DEEP-RESTORE-favicon.webp\u00bb icon_placement=\u00bbleft\u00bb content_max_width=\u00bb100%\u00bb _builder_version=\u00bb4.27.0&#8243; _module_preset=\u00bbdefault\u00bb header_text_color=\u00bbgcid-primary-color\u00bb header_font_size=\u00bb20px\u00bb body_text_color=\u00bbgcid-secondary-color\u00bb body_font_size=\u00bb25px\u00bb custom_margin=\u00bb||||false|false\u00bb custom_padding=\u00bb||7px||false|false\u00bb animation=\u00bboff\u00bb border_width_bottom=\u00bb1px\u00bb border_color_bottom=\u00bbgcid-primary-color\u00bb global_colors_info=\u00bb{%22gcid-primary-color%22:%91%22border_color_bottom%22,%22header_text_color%22%93,%22gcid-secondary-color%22:%91%22body_text_color%22%93}\u00bb]<\/p>\n<p>Aprendizaje profundo para la restauraci\u00f3n del habla a partir de biose\u00f1ales cerebrales<\/p>\n<p>[\/et_pb_blurb][\/et_pb_column][\/et_pb_row][et_pb_row column_structure=\u00bb3_5,2_5&#8243; make_equal=\u00bbon\u00bb _builder_version=\u00bb4.27.0&#8243; _module_preset=\u00bbdefault\u00bb global_colors_info=\u00bb{}\u00bb][et_pb_column type=\u00bb3_5&#8243; _builder_version=\u00bb4.27.0&#8243; _module_preset=\u00bbdefault\u00bb global_colors_info=\u00bb{}\u00bb][et_pb_text _builder_version=\u00bb4.27.0&#8243; _module_preset=\u00bbdefault\u00bb global_colors_info=\u00bb{}\u00bb]<\/p>\n<h2>Descripci\u00f3n SP2<\/h2>\n<p>Una de las habilidades m\u00e1s esenciales para el ser humano, nuestra capacidad de hablar, puede verse afectada tras lesiones traum\u00e1ticaso enfermedades neurodegenerativas como la esclerosis lateral amiotr\u00f3fica (ELA), una enfermedad que se espera que aumenteglobalmente en un 69% entre 2015 y 2040 debido al envejecimiento de la poblaci\u00f3n y a la mejora de la sanidad p\u00fablica. A medida queesta enfermedad progresa, las personas que la padecen dejan de poder comunicarse verbalmente y requieren del uso de dispositivos quedependen de se\u00f1ales no verbales para comunicarse. En \u00faltima instancia, algunas de estas enfermedades pueden dejar al individuo en un estado conocido como s\u00edndrome de enclaustramiento, en el que las capacidades cognitivas del individuo est\u00e1n intactas pero \u00e9ste no puede moverse o comunicarse verbalmente debido a una par\u00e1lisis completa de casi todos los m\u00fasculos voluntarios del cuerpo.<\/p>\n<p>En este proyecto pretendemos investigar el uso de las Interfaces de Habla Silenciosa (SSIs; del ingl\u00e9s Silent Speech interfaces) para restaurar la comunicaci\u00f3n verbal a estas personas. Las SSIs son dispositivos que capturan se\u00f1ales biol\u00f3gicas e inaudibles generadas durante el proceso de producci\u00f3n de voz y las utilizan para descifrar el mensaje que el usuario quiere decir. En este proyecto se pretende desarrollar una pr\u00f3tesis neural revolucionaria en la que se utilizar\u00e1n se\u00f1ales electrofisiol\u00f3gicas captadas de la corteza cerebral mediante m\u00e9todos invasivos y no invasivos para descodificar el habla. En trabajos anteriores se ha demostrado la viabilidad de esta propuesta para el caso de algoritmos de reconocimiento autom\u00e1tico de voz entrenados en grabaciones de actividad neuronal. En esta propuesta queremos dar un paso m\u00e1s all\u00e1 e investigar sobre la generaci\u00f3n de voz directamente a partir de la actividad neuronal, lo que posibilitar\u00eda la s\u00edntesis de voz de forma instant\u00e1nea. Adem\u00e1s, como consecuencia de la plasticidad cerebral y de la retroalimentaci\u00f3n ac\u00fastica, tambi\u00e9n existe la posibilidad de que los usuarios pudiese aprender a producir una mejor habla con el uso continuo de la pr\u00f3tesis. Para transformar las se\u00f1ales neuronales en audio, utilizaremos los \u00faltimos avances en sensores de actividad cerebral, s\u00edntesis del habla y t\u00e9cnicas de aprendizaje profundo.<\/p>\n<p>Durante el proyecto se generar\u00e1n varias bases de datos de actividad neural y se\u00f1ales de voz que se pondr\u00e1n a disposici\u00f3n de la comunidad investigadora. Adem\u00e1s, se desarrollar\u00e1n nuevas t\u00e9cnicas de aprendizaje profundo. El proyecto se llevar\u00e1 a cabo con la colaboraci\u00f3n de un panel de expertos nacionales e internacionales en los campos del aprendizaje autom\u00e1tico y las interfaces de voz silenciosa. Como resultado de este proyecto esperamos iniciar una investigaci\u00f3n innovadora cuyo objetivo final es tener un impacto real en las vidas de aquellas personas con graves problemas de comunicaci\u00f3n, permiti\u00e9ndoles restaurar o mejorar la forma en que se comunican.<\/p>\n<p>[\/et_pb_text][et_pb_blurb title=\u00bbObjetivos\u00bb image=\u00bbhttps:\/\/aholab.ehu.eus\/deeprestore\/wp-content\/uploads\/2024\/07\/DEEP-RESTORE-favicon.webp\u00bb icon_placement=\u00bbleft\u00bb content_max_width=\u00bb100%\u00bb _builder_version=\u00bb4.27.0&#8243; _module_preset=\u00bbdefault\u00bb header_font_size=\u00bb23px\u00bb animation=\u00bboff\u00bb hover_enabled=\u00bb0&#8243; border_width_bottom=\u00bb1px\u00bb border_color_bottom=\u00bbgcid-primary-color\u00bb global_colors_info=\u00bb{%22gcid-primary-color%22:%91%22border_color_bottom%22%93}\u00bb sticky_enabled=\u00bb0&#8243;][\/et_pb_blurb][et_pb_blurb title=\u00bbDesarrollar una gran base de datos en espa\u00f1ol con (a) grabaciones paralelas de habla y EEG y (b) grabaciones no paralelas de habla imaginada con solo se\u00f1ales de EEG, mientras los participantes realizan una serie de tareas de producci\u00f3n del lenguaje.\u00bb use_icon=\u00bbon\u00bb font_icon=\u00bb&#xf054;||fa||900&#8243; icon_placement=\u00bbleft\u00bb image_icon_width=\u00bb25px\u00bb content_max_width=\u00bb100%\u00bb _builder_version=\u00bb4.27.0&#8243; _module_preset=\u00bbdefault\u00bb header_font_size=\u00bb17px\u00bb header_line_height=\u00bb1.2em\u00bb width=\u00bb100%\u00bb custom_margin=\u00bb||4px||false|false\u00bb custom_css_blurb_title=\u00bbmargin-left: -20px;\u00bb global_colors_info=\u00bb{}\u00bb][\/et_pb_blurb][et_pb_blurb title=\u00bbDesarrollar un sistema de EEG a texto para decodificar el habla a partir de se\u00f1ales EEG en espa\u00f1ol.\u00bb use_icon=\u00bbon\u00bb font_icon=\u00bb&#xf054;||fa||900&#8243; icon_placement=\u00bbleft\u00bb image_icon_width=\u00bb25px\u00bb content_max_width=\u00bb100%\u00bb _builder_version=\u00bb4.27.0&#8243; _module_preset=\u00bbdefault\u00bb header_font_size=\u00bb17px\u00bb header_line_height=\u00bb1.2em\u00bb width=\u00bb100%\u00bb custom_margin=\u00bb||4px||false|false\u00bb custom_css_blurb_title=\u00bbmargin-left: -20px;\u00bb global_colors_info=\u00bb{}\u00bb][\/et_pb_blurb][et_pb_blurb title=\u00bbDesarrollar un sistema b\u00e1sico de EEG a voz de alta calidad entrenado con grabaciones de datos paralelos para sintetizar el habla continua a partir de se\u00f1ales de EEG.\u00bb use_icon=\u00bbon\u00bb font_icon=\u00bb&#xf054;||fa||900&#8243; icon_placement=\u00bbleft\u00bb image_icon_width=\u00bb25px\u00bb content_max_width=\u00bb100%\u00bb _builder_version=\u00bb4.27.0&#8243; _module_preset=\u00bbdefault\u00bb header_font_size=\u00bb17px\u00bb header_line_height=\u00bb1.2em\u00bb width=\u00bb100%\u00bb custom_margin=\u00bb||4px||false|false\u00bb custom_css_blurb_title=\u00bbmargin-left: -20px;\u00bb global_colors_info=\u00bb{}\u00bb][\/et_pb_blurb][et_pb_blurb title=\u00bbDesarrollar t\u00e9cnicas novedosas para el entrenamiento de sistemas EEG a voz con datos no paralelos o escasos.\u00bb use_icon=\u00bbon\u00bb font_icon=\u00bb&#xf054;||fa||900&#8243; icon_placement=\u00bbleft\u00bb image_icon_width=\u00bb25px\u00bb content_max_width=\u00bb100%\u00bb _builder_version=\u00bb4.27.0&#8243; _module_preset=\u00bbdefault\u00bb header_font_size=\u00bb17px\u00bb header_line_height=\u00bb1.2em\u00bb width=\u00bb100%\u00bb custom_margin=\u00bb||4px||false|false\u00bb custom_css_blurb_title=\u00bbmargin-left: -20px;\u00bb global_colors_info=\u00bb{}\u00bb][\/et_pb_blurb][\/et_pb_column][et_pb_column type=\u00bb2_5&#8243; _builder_version=\u00bb4.27.0&#8243; _module_preset=\u00bbdefault\u00bb custom_padding=\u00bb|||10px|false|false\u00bb border_width_left=\u00bb1px\u00bb border_color_left=\u00bb#dbdbdb\u00bb global_colors_info=\u00bb{}\u00bb][et_pb_image src=\u00bbhttps:\/\/aholab.ehu.eus\/deeprestore\/wp-content\/uploads\/2024\/09\/N005.webp\u00bb title_text=\u00bbN005&#8243; _builder_version=\u00bb4.27.0&#8243; _module_preset=\u00bbdefault\u00bb global_colors_info=\u00bb{}\u00bb][\/et_pb_image][ba_dual_button btn_alignment=\u00bbcenter\u00bb btn_a_text=\u00bbSubproyecto 1 (SP1)\u00bb btn_a_link=\u00bb@ET-DC@eyJkeW5hbWljIjp0cnVlLCJjb250ZW50IjoicG9zdF9saW5rX3VybF9wYWdlIiwic2V0dGluZ3MiOnsicG9zdF9pZCI6IjIwNiJ9fQ==@\u00bb btn_b_text=\u00bbSubproyecto 2 (SP2)\u00bb btn_b_link=\u00bb@ET-DC@eyJkeW5hbWljIjp0cnVlLCJjb250ZW50IjoicG9zdF9saW5rX3VybF9wYWdlIiwic2V0dGluZ3MiOnsicG9zdF9pZCI6IjIwNyJ9fQ==@\u00bb connector_type=\u00bbicon\u00bb connector_icon=\u00bb&#x24;||divi||400&#8243; button_gap=\u00bb10px\u00bb _builder_version=\u00bb4.27.0&#8243; _dynamic_attributes=\u00bbbtn_a_link,btn_b_link\u00bb _module_preset=\u00bbdefault\u00bb custom_btn_a=\u00bbon\u00bb btn_a_text_size=\u00bb1rem\u00bb btn_a_text_color=\u00bb#FFFFFF\u00bb btn_a_bg_color=\u00bb#209fc2&#8243; btn_a_border_width=\u00bb1px\u00bb btn_a_border_color=\u00bb#FFFFFF\u00bb btn_a_border_radius=\u00bb9px\u00bb btn_a_icon=\u00bb&#x24;||divi||400&#8243; custom_btn_b=\u00bbon\u00bb btn_b_text_size=\u00bb1rem\u00bb btn_b_text_color=\u00bb#FFFFFF\u00bb btn_b_bg_color=\u00bbgcid-secondary-color\u00bb btn_b_border_width=\u00bb1px\u00bb btn_b_border_color=\u00bb#FFFFFF\u00bb btn_b_border_radius=\u00bb12px\u00bb btn_b_use_icon=\u00bboff\u00bb global_module=\u00bb253&#8243; global_colors_info=\u00bb{%22gcid-secondary-color%22:%91%22btn_b_bg_color%22%93}\u00bb][\/ba_dual_button][et_pb_blurb title=\u00bb\u00daltimas publicaciones\u00bb image=\u00bbhttps:\/\/aholab.ehu.eus\/deeprestore\/wp-content\/uploads\/2024\/07\/DEEP-RESTORE-favicon.webp\u00bb icon_placement=\u00bbleft\u00bb content_max_width=\u00bb100%\u00bb _builder_version=\u00bb4.26.0&#8243; _module_preset=\u00bbdefault\u00bb header_text_color=\u00bbgcid-secondary-color\u00bb body_text_color=\u00bbgcid-secondary-color\u00bb width=\u00bb100%\u00bb animation=\u00bboff\u00bb custom_css_blurb_title=\u00bbmargin-top: 5px;||margin-left: -10px;\u00bb border_width_bottom=\u00bb1px\u00bb border_color_bottom=\u00bbgcid-primary-color\u00bb global_colors_info=\u00bb{%22gcid-secondary-color%22:%91%22body_text_color%22,%22header_text_color%22%93,%22gcid-primary-color%22:%91%22border_color_bottom%22%93}\u00bb][\/et_pb_blurb][ba_post_list posts_number=\u00bb4&#8243; excerpt_length=\u00bb100&#8243; item_spacing=\u00bb30px\u00bb item_padding=\u00bb0px|0px|30px|0px|false|false\u00bb image_spacing=\u00bb23px\u00bb meta_spacing=\u00bb5px\u00bb excerpt_spacing=\u00bb10px\u00bb _builder_version=\u00bb4.27.0&#8243; _module_preset=\u00bbdefault\u00bb title_font=\u00bb|700|||||||\u00bb title_text_color=\u00bbgcid-secondary-color\u00bb title_font_size=\u00bb1.2rem\u00bb content_text_color=\u00bb#354559&#8243; content_font_size=\u00bb1rem\u00bb meta_font=\u00bb|700|||||||\u00bb meta_text_color=\u00bb#354559&#8243; meta_font_size=\u00bb1rem\u00bb border_radii_image=\u00bbon|3px|3px|3px|3px\u00bb border_width_bottom_post=\u00bb1px\u00bb border_color_bottom_post=\u00bb#e2e5ed\u00bb global_colors_info=\u00bb{%22gcid-secondary-color%22:%91%22title_text_color%22%93}\u00bb][\/ba_post_list][\/et_pb_column][\/et_pb_row][\/et_pb_section]<\/p>\n","protected":false},"excerpt":{"rendered":"<p>Aprendizaje profundo para la restauraci\u00f3n del habla a partir de biose\u00f1ales cerebralesDescripci\u00f3n SP2 Una de las habilidades m\u00e1s esenciales para el ser humano, nuestra capacidad de hablar, puede verse afectada tras lesiones traum\u00e1ticaso enfermedades neurodegenerativas como la esclerosis lateral amiotr\u00f3fica (ELA), una enfermedad que se espera que aumenteglobalmente en un 69% entre 2015 y 2040 [&hellip;]<\/p>\n","protected":false},"author":1,"featured_media":0,"parent":0,"menu_order":0,"comment_status":"closed","ping_status":"closed","template":"","meta":{"_et_pb_use_builder":"on","_et_pb_old_content":"<!-- wp:divi\/placeholder \/-->","_et_gb_content_width":"","footnotes":""},"class_list":["post-207","page","type-page","status-publish","hentry"],"_links":{"self":[{"href":"https:\/\/aholab.ehu.eus\/deeprestore\/wp-json\/wp\/v2\/pages\/207","targetHints":{"allow":["GET"]}}],"collection":[{"href":"https:\/\/aholab.ehu.eus\/deeprestore\/wp-json\/wp\/v2\/pages"}],"about":[{"href":"https:\/\/aholab.ehu.eus\/deeprestore\/wp-json\/wp\/v2\/types\/page"}],"author":[{"embeddable":true,"href":"https:\/\/aholab.ehu.eus\/deeprestore\/wp-json\/wp\/v2\/users\/1"}],"replies":[{"embeddable":true,"href":"https:\/\/aholab.ehu.eus\/deeprestore\/wp-json\/wp\/v2\/comments?post=207"}],"version-history":[{"count":6,"href":"https:\/\/aholab.ehu.eus\/deeprestore\/wp-json\/wp\/v2\/pages\/207\/revisions"}],"predecessor-version":[{"id":301,"href":"https:\/\/aholab.ehu.eus\/deeprestore\/wp-json\/wp\/v2\/pages\/207\/revisions\/301"}],"wp:attachment":[{"href":"https:\/\/aholab.ehu.eus\/deeprestore\/wp-json\/wp\/v2\/media?parent=207"}],"curies":[{"name":"wp","href":"https:\/\/api.w.org\/{rel}","templated":true}]}}