{"id":84570,"date":"2020-12-23T16:42:41","date_gmt":"2020-12-23T15:42:41","guid":{"rendered":"https:\/\/aholab.ehu.eus\/ressint\/?page_id=84570"},"modified":"2021-01-25T15:49:23","modified_gmt":"2021-01-25T14:49:23","slug":"aviso-legal","status":"publish","type":"page","link":"https:\/\/aholab.ehu.eus\/ressint\/aviso-legal\/","title":{"rendered":"Aviso Legal"},"content":{"rendered":"<div class=\"wpb-content-wrapper\"><p>[vc_row unlock_row_content=&#8221;yes&#8221; row_height_percent=&#8221;0&#8243; override_padding=&#8221;yes&#8221; h_padding=&#8221;0&#8243; top_padding=&#8221;0&#8243; bottom_padding=&#8221;2&#8243; overlay_alpha=&#8221;50&#8243; gutter_size=&#8221;0&#8243; column_width_percent=&#8221;100&#8243; shift_y=&#8221;0&#8243; z_index=&#8221;0&#8243; el_class=&#8221;portfolio-row&#8221;][vc_column column_width_percent=&#8221;90&#8243; align_horizontal=&#8221;align_center&#8221; gutter_size=&#8221;3&#8243; override_padding=&#8221;yes&#8221; column_padding=&#8221;0&#8243; overlay_alpha=&#8221;50&#8243; shift_x=&#8221;0&#8243; shift_y=&#8221;-3&#8243; shift_y_down=&#8221;0&#8243; z_index=&#8221;0&#8243; medium_width=&#8221;0&#8243; mobile_width=&#8221;0&#8243; width=&#8221;1\/1&#8243;][vc_row_inner row_inner_height_percent=&#8221;0&#8243; overlay_alpha=&#8221;50&#8243; equal_height=&#8221;yes&#8221; gutter_size=&#8221;3&#8243; shift_y=&#8221;0&#8243; z_index=&#8221;0&#8243; limit_content=&#8221;&#8221;][vc_column_inner column_width_percent=&#8221;100&#8243; gutter_size=&#8221;3&#8243; override_padding=&#8221;yes&#8221; column_padding=&#8221;0&#8243; style=&#8221;light&#8221; overlay_alpha=&#8221;50&#8243; shift_x=&#8221;0&#8243; shift_y=&#8221;0&#8243; shift_y_down=&#8221;0&#8243; z_index=&#8221;0&#8243; medium_width=&#8221;4&#8243; mobile_width=&#8221;0&#8243; width=&#8221;1\/4&#8243;][\/vc_column_inner][vc_column_inner column_width_percent=&#8221;100&#8243; gutter_size=&#8221;3&#8243; overlay_alpha=&#8221;50&#8243; shift_x=&#8221;0&#8243; shift_y=&#8221;0&#8243; shift_y_down=&#8221;0&#8243; z_index=&#8221;0&#8243; medium_width=&#8221;4&#8243; mobile_width=&#8221;0&#8243; css_animation=&#8221;alpha-anim&#8221; animation_delay=&#8221;400&#8243; width=&#8221;1\/2&#8243;][vc_custom_heading heading_semantic=&#8221;h1&#8243; text_size=&#8221;h1&#8243; text_height=&#8221;&#8221; css_animation=&#8221;right-t-left&#8221;]Aviso Legal[\/vc_custom_heading][vc_column_text css_animation=&#8221;alpha-anim&#8221; animation_delay=&#8221;600&#8243; el_class=&#8221;legal&#8221;]<\/p>\n<h2>Resumen de puntos clave<\/h2>\n<p>Utilizamos cookies para recordar si ha iniciado sesi\u00f3n mientras navega por el sitio. Usamos Google Analytics para realizar an\u00e1lisis de tr\u00e1fico.<\/p>\n<p>Puede eliminar las cookies aunque no todo el contenido estar\u00e1 disponible.<\/p>\n<p>Esta web:<\/p>\n<ul>\n<li>Rastrear\u00e1 las p\u00e1ginas que visita a trav\u00e9s de Google Analytics, a menos que opte por no participar a trav\u00e9s de sus preferencias de Google;<\/li>\n<\/ul>\n<p>Esta web no:<\/p>\n<ul>\n<li>recopilar\u00e1 cualquier informaci\u00f3n de identificaci\u00f3n personal.<\/li>\n<\/ul>\n<ul>\n<li><\/li>\n<\/ul>\n<h2>Pol\u00edtica de privacidad completa<\/h2>\n<h3>\u00bfQu\u00e9 informaci\u00f3n personal recopilamos de las personas que visitan este sitio?<\/h3>\n<p>Al contactar a trav\u00e9s del formulario de contacto se le pedir\u00e1 su nombre y direcci\u00f3n de correo electr\u00f3nico.<\/p>\n<h3>\u00bfC\u00f3mo usamos su informaci\u00f3n?<\/h3>\n<p>Requerimos su direcci\u00f3n de correo electr\u00f3nico para enviar la respuesta a sus preguntas<\/p>\n<h3>\u00bfUsamos cookies?<\/h3>\n<p>Si. Las cookies son peque\u00f1os archivos que un sitio o su proveedor de servicios transfieren al disco duro de su dispositivo a trav\u00e9s de su navegador web (si usted lo permite) que permite que los sistemas del sitio o del proveedor de servicios reconozcan su navegador y capturen y recuerden cierta informaci\u00f3n. Por ejemplo, utilizamos cookies para recordar si ha iniciado sesi\u00f3n. Tambi\u00e9n utilizamos cookies para ayudarnos a recopilar datos agregados sobre el tr\u00e1fico del sitio y la interacci\u00f3n del sitio para que podamos mejorar el sitio en el futuro (por ejemplo, identificando los m\u00e1s y los menos partes populares del sitio).<\/p>\n<p>Usamos cookies para:<br \/>\n\u2022 Recordar si ha iniciado sesi\u00f3n mientras se desplaza por el sitio.<br \/>\n\u2022 Recopilare datos agregados sobre el tr\u00e1fico del sitio y las interacciones del sitio.<\/p>\n<p>Puede elegir que su dispositivo le advierta cada vez que se env\u00eda una cookie, o puede optar por desactivar todas las cookies. Haz esto a trav\u00e9s de la configuraci\u00f3n de tu navegador. Si desactivas las cookies en su navegador, podr\u00e1s permanecer conectado al sitio pero parte del contenido ser\u00e1 inaccesible para ti.<\/p>\n<h2>Terceros<\/h2>\n<h3>Divulgaci\u00f3n de informaci\u00f3n personal a terceros<\/h3>\n<p>No vendemos, intercambiamos ni transferimos a terceros tu informaci\u00f3n de identificaci\u00f3n personal.<\/p>\n<h3>Enlaces de terceros<\/h3>\n<p>Este sitio contiene enlaces a sitios de terceros, que tienen pol\u00edticas de privacidad separadas e independientes. Por lo tanto, no tenemos ninguna responsabilidad por el contenido y las actividades de estos sitios vinculados. No obstante, buscamos proteger la integridad de nuestro sitio y agradecemos cualquier comentario sobre estas webs.<\/p>\n<h3>Google<\/h3>\n<p>Google, como tercero, utiliza cookies para habilitar la anal\u00edtica de Google. Los usuarios pueden establecer preferencias sobre c\u00f3mo Google le anuncia mediante la p\u00e1gina de configuraci\u00f3n de anuncios de Google. Alternativamente, puede optar por no participar visitando la p\u00e1gina de exclusi\u00f3n voluntaria de la iniciativa de publicidad en red o utilizando permanentemente el complemento del navegador de exclusi\u00f3n voluntaria de Google Analytics.<\/p>\n<h2>Cont\u00e1ctenos<\/h2>\n<p>Si tiene alguna pregunta sobre esta pol\u00edtica de privacidad, puede contactarnos en info@ressint.eus[\/vc_column_text][\/vc_column_inner][vc_column_inner width=&#8221;1\/4&#8243;][\/vc_column_inner][\/vc_row_inner][\/vc_column][\/vc_row]<\/p>\n<\/div>","protected":false},"excerpt":{"rendered":"<p>[vc_row unlock_row_content=&#8221;yes&#8221; row_height_percent=&#8221;0&#8243; override_padding=&#8221;yes&#8221; h_padding=&#8221;0&#8243; top_padding=&#8221;0&#8243; bottom_padding=&#8221;2&#8243; overlay_alpha=&#8221;50&#8243; gutter_size=&#8221;0&#8243; column_width_percent=&#8221;100&#8243; shift_y=&#8221;0&#8243; z_index=&#8221;0&#8243; el_class=&#8221;portfolio-row&#8221;][vc_column column_width_percent=&#8221;90&#8243; align_horizontal=&#8221;align_center&#8221; gutter_size=&#8221;3&#8243; override_padding=&#8221;yes&#8221; column_padding=&#8221;0&#8243; overlay_alpha=&#8221;50&#8243; shift_x=&#8221;0&#8243; [&hellip;]<\/p>\n","protected":false},"author":1,"featured_media":0,"parent":0,"menu_order":7,"comment_status":"closed","ping_status":"closed","template":"","meta":{"_monsterinsights_skip_tracking":false,"_monsterinsights_sitenote_active":false,"_monsterinsights_sitenote_note":"","_monsterinsights_sitenote_category":0,"footnotes":""},"class_list":["post-84570","page","type-page","status-publish","hentry"],"yoast_head":"<!-- This site is optimized with the Yoast SEO plugin v25.5 - https:\/\/yoast.com\/wordpress\/plugins\/seo\/ -->\n<title>Aviso Legal - ReSSint<\/title>\n<meta name=\"robots\" content=\"index, follow, max-snippet:-1, max-image-preview:large, max-video-preview:-1\" \/>\n<link rel=\"canonical\" href=\"https:\/\/aholab.ehu.eus\/ressint\/es\/aviso-legal\/\" \/>\n<meta property=\"og:locale\" content=\"en_US\" \/>\n<meta property=\"og:type\" content=\"article\" \/>\n<meta property=\"og:title\" content=\"Aviso Legal - ReSSint\" \/>\n<meta property=\"og:description\" content=\"[vc_row unlock_row_content=&#8221;yes&#8221; row_height_percent=&#8221;0&#8243; override_padding=&#8221;yes&#8221; h_padding=&#8221;0&#8243; top_padding=&#8221;0&#8243; bottom_padding=&#8221;2&#8243; overlay_alpha=&#8221;50&#8243; gutter_size=&#8221;0&#8243; column_width_percent=&#8221;100&#8243; shift_y=&#8221;0&#8243; z_index=&#8221;0&#8243; el_class=&#8221;portfolio-row&#8221;][vc_column column_width_percent=&#8221;90&#8243; align_horizontal=&#8221;align_center&#8221; gutter_size=&#8221;3&#8243; override_padding=&#8221;yes&#8221; column_padding=&#8221;0&#8243; overlay_alpha=&#8221;50&#8243; shift_x=&#8221;0&#8243; [&hellip;]\" \/>\n<meta property=\"og:url\" content=\"https:\/\/aholab.ehu.eus\/ressint\/es\/aviso-legal\/\" \/>\n<meta property=\"og:site_name\" content=\"ReSSint\" \/>\n<meta property=\"article:modified_time\" content=\"2021-01-25T14:49:23+00:00\" \/>\n<meta name=\"twitter:card\" content=\"summary_large_image\" \/>\n<meta name=\"twitter:label1\" content=\"Est. reading time\" \/>\n\t<meta name=\"twitter:data1\" content=\"3 minutes\" \/>\n<script type=\"application\/ld+json\" class=\"yoast-schema-graph\">{\"@context\":\"https:\/\/schema.org\",\"@graph\":[{\"@type\":\"WebPage\",\"@id\":\"https:\/\/aholab.ehu.eus\/ressint\/es\/aviso-legal\/\",\"url\":\"https:\/\/aholab.ehu.eus\/ressint\/es\/aviso-legal\/\",\"name\":\"Aviso Legal - ReSSint\",\"isPartOf\":{\"@id\":\"https:\/\/aholab.ehu.eus\/ressint\/#website\"},\"datePublished\":\"2020-12-23T15:42:41+00:00\",\"dateModified\":\"2021-01-25T14:49:23+00:00\",\"breadcrumb\":{\"@id\":\"https:\/\/aholab.ehu.eus\/ressint\/es\/aviso-legal\/#breadcrumb\"},\"inLanguage\":\"en-US\",\"potentialAction\":[{\"@type\":\"ReadAction\",\"target\":[\"https:\/\/aholab.ehu.eus\/ressint\/es\/aviso-legal\/\"]}]},{\"@type\":\"BreadcrumbList\",\"@id\":\"https:\/\/aholab.ehu.eus\/ressint\/es\/aviso-legal\/#breadcrumb\",\"itemListElement\":[{\"@type\":\"ListItem\",\"position\":1,\"name\":\"Home\",\"item\":\"https:\/\/aholab.ehu.eus\/ressint\/\"},{\"@type\":\"ListItem\",\"position\":2,\"name\":\"Aviso Legal\"}]},{\"@type\":\"WebSite\",\"@id\":\"https:\/\/aholab.ehu.eus\/ressint\/#website\",\"url\":\"https:\/\/aholab.ehu.eus\/ressint\/\",\"name\":\"ReSSint\",\"description\":\"Voice Restauration \\u0003with Silent Speech\\u0003 Interfaces Project\",\"publisher\":{\"@id\":\"https:\/\/aholab.ehu.eus\/ressint\/#organization\"},\"potentialAction\":[{\"@type\":\"SearchAction\",\"target\":{\"@type\":\"EntryPoint\",\"urlTemplate\":\"https:\/\/aholab.ehu.eus\/ressint\/?s={search_term_string}\"},\"query-input\":{\"@type\":\"PropertyValueSpecification\",\"valueRequired\":true,\"valueName\":\"search_term_string\"}}],\"inLanguage\":\"en-US\"},{\"@type\":\"Organization\",\"@id\":\"https:\/\/aholab.ehu.eus\/ressint\/#organization\",\"name\":\"ReSSint\",\"url\":\"https:\/\/aholab.ehu.eus\/ressint\/\",\"logo\":{\"@type\":\"ImageObject\",\"inLanguage\":\"en-US\",\"@id\":\"https:\/\/aholab.ehu.eus\/ressint\/#\/schema\/logo\/image\/\",\"url\":\"https:\/\/aholab.ehu.eus\/ressint\/wp-content\/uploads\/2020\/11\/logo.svg\",\"contentUrl\":\"https:\/\/aholab.ehu.eus\/ressint\/wp-content\/uploads\/2020\/11\/logo.svg\",\"width\":1,\"height\":1,\"caption\":\"ReSSint\"},\"image\":{\"@id\":\"https:\/\/aholab.ehu.eus\/ressint\/#\/schema\/logo\/image\/\"}}]}<\/script>\n<!-- \/ Yoast SEO plugin. -->","yoast_head_json":{"title":"Aviso Legal - ReSSint","robots":{"index":"index","follow":"follow","max-snippet":"max-snippet:-1","max-image-preview":"max-image-preview:large","max-video-preview":"max-video-preview:-1"},"canonical":"https:\/\/aholab.ehu.eus\/ressint\/es\/aviso-legal\/","og_locale":"en_US","og_type":"article","og_title":"Aviso Legal - ReSSint","og_description":"[vc_row unlock_row_content=&#8221;yes&#8221; row_height_percent=&#8221;0&#8243; override_padding=&#8221;yes&#8221; h_padding=&#8221;0&#8243; top_padding=&#8221;0&#8243; bottom_padding=&#8221;2&#8243; overlay_alpha=&#8221;50&#8243; gutter_size=&#8221;0&#8243; column_width_percent=&#8221;100&#8243; shift_y=&#8221;0&#8243; z_index=&#8221;0&#8243; el_class=&#8221;portfolio-row&#8221;][vc_column column_width_percent=&#8221;90&#8243; align_horizontal=&#8221;align_center&#8221; gutter_size=&#8221;3&#8243; override_padding=&#8221;yes&#8221; column_padding=&#8221;0&#8243; overlay_alpha=&#8221;50&#8243; shift_x=&#8221;0&#8243; [&hellip;]","og_url":"https:\/\/aholab.ehu.eus\/ressint\/es\/aviso-legal\/","og_site_name":"ReSSint","article_modified_time":"2021-01-25T14:49:23+00:00","twitter_card":"summary_large_image","twitter_misc":{"Est. reading time":"3 minutes"},"schema":{"@context":"https:\/\/schema.org","@graph":[{"@type":"WebPage","@id":"https:\/\/aholab.ehu.eus\/ressint\/es\/aviso-legal\/","url":"https:\/\/aholab.ehu.eus\/ressint\/es\/aviso-legal\/","name":"Aviso Legal - ReSSint","isPartOf":{"@id":"https:\/\/aholab.ehu.eus\/ressint\/#website"},"datePublished":"2020-12-23T15:42:41+00:00","dateModified":"2021-01-25T14:49:23+00:00","breadcrumb":{"@id":"https:\/\/aholab.ehu.eus\/ressint\/es\/aviso-legal\/#breadcrumb"},"inLanguage":"en-US","potentialAction":[{"@type":"ReadAction","target":["https:\/\/aholab.ehu.eus\/ressint\/es\/aviso-legal\/"]}]},{"@type":"BreadcrumbList","@id":"https:\/\/aholab.ehu.eus\/ressint\/es\/aviso-legal\/#breadcrumb","itemListElement":[{"@type":"ListItem","position":1,"name":"Home","item":"https:\/\/aholab.ehu.eus\/ressint\/"},{"@type":"ListItem","position":2,"name":"Aviso Legal"}]},{"@type":"WebSite","@id":"https:\/\/aholab.ehu.eus\/ressint\/#website","url":"https:\/\/aholab.ehu.eus\/ressint\/","name":"ReSSint","description":"Voice Restauration \u0003with Silent Speech\u0003 Interfaces Project","publisher":{"@id":"https:\/\/aholab.ehu.eus\/ressint\/#organization"},"potentialAction":[{"@type":"SearchAction","target":{"@type":"EntryPoint","urlTemplate":"https:\/\/aholab.ehu.eus\/ressint\/?s={search_term_string}"},"query-input":{"@type":"PropertyValueSpecification","valueRequired":true,"valueName":"search_term_string"}}],"inLanguage":"en-US"},{"@type":"Organization","@id":"https:\/\/aholab.ehu.eus\/ressint\/#organization","name":"ReSSint","url":"https:\/\/aholab.ehu.eus\/ressint\/","logo":{"@type":"ImageObject","inLanguage":"en-US","@id":"https:\/\/aholab.ehu.eus\/ressint\/#\/schema\/logo\/image\/","url":"https:\/\/aholab.ehu.eus\/ressint\/wp-content\/uploads\/2020\/11\/logo.svg","contentUrl":"https:\/\/aholab.ehu.eus\/ressint\/wp-content\/uploads\/2020\/11\/logo.svg","width":1,"height":1,"caption":"ReSSint"},"image":{"@id":"https:\/\/aholab.ehu.eus\/ressint\/#\/schema\/logo\/image\/"}}]}},"_links":{"self":[{"href":"https:\/\/aholab.ehu.eus\/ressint\/wp-json\/wp\/v2\/pages\/84570","targetHints":{"allow":["GET"]}}],"collection":[{"href":"https:\/\/aholab.ehu.eus\/ressint\/wp-json\/wp\/v2\/pages"}],"about":[{"href":"https:\/\/aholab.ehu.eus\/ressint\/wp-json\/wp\/v2\/types\/page"}],"author":[{"embeddable":true,"href":"https:\/\/aholab.ehu.eus\/ressint\/wp-json\/wp\/v2\/users\/1"}],"replies":[{"embeddable":true,"href":"https:\/\/aholab.ehu.eus\/ressint\/wp-json\/wp\/v2\/comments?post=84570"}],"version-history":[{"count":3,"href":"https:\/\/aholab.ehu.eus\/ressint\/wp-json\/wp\/v2\/pages\/84570\/revisions"}],"predecessor-version":[{"id":84740,"href":"https:\/\/aholab.ehu.eus\/ressint\/wp-json\/wp\/v2\/pages\/84570\/revisions\/84740"}],"wp:attachment":[{"href":"https:\/\/aholab.ehu.eus\/ressint\/wp-json\/wp\/v2\/media?parent=84570"}],"curies":[{"name":"wp","href":"https:\/\/api.w.org\/{rel}","templated":true}]}}